{"id":2088,"date":"2021-02-01T20:17:04","date_gmt":"2021-02-01T19:17:04","guid":{"rendered":"https:\/\/www.siencis-par-furlan.net\/seminars\/san-daniele-del-friuli-2002\/"},"modified":"2021-02-03T13:42:03","modified_gmt":"2021-02-03T12:42:03","slug":"san-daniele-del-friuli-2002","status":"publish","type":"page","link":"https:\/\/www.siencis-par-furlan.net\/en\/san-daniele-del-friuli-2002","title":{"rendered":"San Daniele del Friuli (2002)"},"content":{"rendered":"\n<style type=\"text\/css\" data-created_by=\"avia_inline_auto\" id=\"style-css-av-kkmttx8q-54d3c12870bec3830731336a6bd22c0e\">\n#top .av-special-heading.av-kkmttx8q-54d3c12870bec3830731336a6bd22c0e{\npadding-bottom:10px;\n}\nbody .av-special-heading.av-kkmttx8q-54d3c12870bec3830731336a6bd22c0e .av-special-heading-tag .heading-char{\nfont-size:25px;\n}\n.av-special-heading.av-kkmttx8q-54d3c12870bec3830731336a6bd22c0e .av-subheading{\nfont-size:15px;\n}\n<\/style>\n<div  class='av-special-heading av-kkmttx8q-54d3c12870bec3830731336a6bd22c0e av-special-heading-h3  avia-builder-el-0  el_before_av_textblock  avia-builder-el-first  av-linked-heading'><h3 class='av-special-heading-tag'  itemprop=\"headline\"  >1\u00b0 Congr\u00e8s anu\u00e2l<\/h3><div class=\"special-heading-border\"><div class=\"special-heading-inner-border\"><\/div><\/div><\/div>\n<section  class='av_textblock_section av-k4hr4ckg-7649d02ad2641856262fab55ade5b3ba'  itemscope=\"itemscope\" itemtype=\"https:\/\/schema.org\/CreativeWork\" ><div class='avia_textblock'  itemprop=\"text\" ><p><strong>ai 30 di Novembar dal 2002<br \/>\nBiblioteche Guarneriane<br \/>\nSan Den\u00eal dal Fri\u00fbl<\/strong><\/p>\n<\/div><\/section>\n\n<style type=\"text\/css\" data-created_by=\"avia_inline_auto\" id=\"style-css-av-21onbo-86893cb3811716d0351c60193f32e833\">\n#top .av-special-heading.av-21onbo-86893cb3811716d0351c60193f32e833{\npadding-bottom:10px;\n}\nbody .av-special-heading.av-21onbo-86893cb3811716d0351c60193f32e833 .av-special-heading-tag .heading-char{\nfont-size:25px;\n}\n.av-special-heading.av-21onbo-86893cb3811716d0351c60193f32e833 .av-subheading{\nfont-size:15px;\n}\n<\/style>\n<div  class='av-special-heading av-21onbo-86893cb3811716d0351c60193f32e833 av-special-heading-h4  avia-builder-el-2  el_after_av_textblock  el_before_av_timeline  av-linked-heading'><h4 class='av-special-heading-tag'  itemprop=\"headline\"  >Program<\/h4><div class=\"special-heading-border\"><div class=\"special-heading-inner-border\"><\/div><\/div><\/div>\n\n<style type=\"text\/css\" data-created_by=\"avia_inline_auto\" id=\"style-css-sub-av-k4hrjjko-513875ca5cb1351a0ebc730f6cd54948\">\n.avia-timeline-container .av-milestone.av-jnfahg-7ebd139508ef0af6ddd64a5d070d9e6d .av-milestone-icon-inner{\nbackground-color:#00447b;\n}\n.avia-timeline-container .av-milestone.av-jnfahg-7ebd139508ef0af6ddd64a5d070d9e6d .av-milestone-indicator{\nbackground-color:#00447b;\n}\n.avia-timeline-container .av-milestone.av-jnfahg-7ebd139508ef0af6ddd64a5d070d9e6d .av-milestone-article-footer{\nbackground-color:#00447b;\n}\n.avia-timeline-container .av-milestone.av-h4lefo-aa92db0ecb2d9cdd572ecdcfd9f7278a .av-milestone-icon-inner{\nbackground-color:#00447b;\n}\n.avia-timeline-container .av-milestone.av-h4lefo-aa92db0ecb2d9cdd572ecdcfd9f7278a .av-milestone-indicator{\nbackground-color:#00447b;\n}\n.avia-timeline-container .av-milestone.av-h4lefo-aa92db0ecb2d9cdd572ecdcfd9f7278a .av-milestone-article-footer{\nbackground-color:#00447b;\n}\n.avia-timeline-container .av-milestone.av-gbzy90-78a244db09e9ee1e0f8511d10572554c .av-milestone-icon-inner{\nbackground-color:#2560a2;\n}\n.avia-timeline-container .av-milestone.av-gbzy90-78a244db09e9ee1e0f8511d10572554c .av-milestone-indicator{\nbackground-color:#2560a2;\n}\n.avia-timeline-container .av-milestone.av-gbzy90-78a244db09e9ee1e0f8511d10572554c .av-milestone-article-footer{\nbackground-color:#2560a2;\n}\n.avia-timeline-container .av-milestone.av-e12hec-9b562e94711ad94d7c2d5fe8afd14536 .av-milestone-icon-inner{\nbackground-color:#2560a2;\n}\n.avia-timeline-container .av-milestone.av-e12hec-9b562e94711ad94d7c2d5fe8afd14536 .av-milestone-indicator{\nbackground-color:#2560a2;\n}\n.avia-timeline-container .av-milestone.av-e12hec-9b562e94711ad94d7c2d5fe8afd14536 .av-milestone-article-footer{\nbackground-color:#2560a2;\n}\n.avia-timeline-container .av-milestone.av-c3qrpw-b8659b2dfd0a30ed98a5d7a64b27b164 .av-milestone-icon-inner{\nbackground-color:#2560a2;\n}\n.avia-timeline-container .av-milestone.av-c3qrpw-b8659b2dfd0a30ed98a5d7a64b27b164 .av-milestone-indicator{\nbackground-color:#2560a2;\n}\n.avia-timeline-container .av-milestone.av-c3qrpw-b8659b2dfd0a30ed98a5d7a64b27b164 .av-milestone-article-footer{\nbackground-color:#2560a2;\n}\n.avia-timeline-container .av-milestone.av-11mun8-cfbdf6d7dade3243c358568cd17374c5 .av-milestone-icon-inner{\nbackground-color:#2560a2;\n}\n.avia-timeline-container .av-milestone.av-11mun8-cfbdf6d7dade3243c358568cd17374c5 .av-milestone-indicator{\nbackground-color:#2560a2;\n}\n.avia-timeline-container .av-milestone.av-11mun8-cfbdf6d7dade3243c358568cd17374c5 .av-milestone-article-footer{\nbackground-color:#2560a2;\n}\n.avia-timeline-container .av-milestone.av-8msqpg-1533da9975655f8c8328679c9e27c6b7 .av-milestone-icon-inner{\nbackground-color:#2560a2;\n}\n.avia-timeline-container .av-milestone.av-8msqpg-1533da9975655f8c8328679c9e27c6b7 .av-milestone-indicator{\nbackground-color:#2560a2;\n}\n.avia-timeline-container .av-milestone.av-8msqpg-1533da9975655f8c8328679c9e27c6b7 .av-milestone-article-footer{\nbackground-color:#2560a2;\n}\n.avia-timeline-container .av-milestone.av-7ybeb8-c45d8c2e4260ba704252ae4372666a88 .av-milestone-icon-inner{\nbackground-color:#2560a2;\n}\n.avia-timeline-container .av-milestone.av-7ybeb8-c45d8c2e4260ba704252ae4372666a88 .av-milestone-indicator{\nbackground-color:#2560a2;\n}\n.avia-timeline-container .av-milestone.av-7ybeb8-c45d8c2e4260ba704252ae4372666a88 .av-milestone-article-footer{\nbackground-color:#2560a2;\n}\n.avia-timeline-container .av-milestone.av-5zsdzo-bca75e58c6ce85548e5fbebfebf1d90b .av-milestone-icon-inner{\nbackground-color:#2560a2;\n}\n.avia-timeline-container .av-milestone.av-5zsdzo-bca75e58c6ce85548e5fbebfebf1d90b .av-milestone-indicator{\nbackground-color:#2560a2;\n}\n.avia-timeline-container .av-milestone.av-5zsdzo-bca75e58c6ce85548e5fbebfebf1d90b .av-milestone-article-footer{\nbackground-color:#2560a2;\n}\n.avia-timeline-container .av-milestone.av-4i15s4-aad7d30026aa614e5cd3f09e2c3ef5d2 .av-milestone-icon-inner{\nbackground-color:#2560a2;\n}\n.avia-timeline-container .av-milestone.av-4i15s4-aad7d30026aa614e5cd3f09e2c3ef5d2 .av-milestone-indicator{\nbackground-color:#2560a2;\n}\n.avia-timeline-container .av-milestone.av-4i15s4-aad7d30026aa614e5cd3f09e2c3ef5d2 .av-milestone-article-footer{\nbackground-color:#2560a2;\n}\n.avia-timeline-container .av-milestone.av-ab4gz-dbfd24b32a71603d5eba9e5901d1b065 .av-milestone-icon-inner{\nbackground-color:#b02b2c;\n}\n.avia-timeline-container .av-milestone.av-ab4gz-dbfd24b32a71603d5eba9e5901d1b065 .av-milestone-indicator{\nbackground-color:#b02b2c;\n}\n.avia-timeline-container .av-milestone.av-ab4gz-dbfd24b32a71603d5eba9e5901d1b065 .av-milestone-article-footer{\nbackground-color:#b02b2c;\n}\n<\/style>\n<div  id=\"avia-timeline-1\"  class='avia-timeline-container av-k4hrjjko-513875ca5cb1351a0ebc730f6cd54948  avia-builder-el-3  el_after_av_heading  el_before_av_video ' ><ul class='avia-timeline avia-timeline-vertical av-milestone-placement-alternate avia-timeline- avia_animate_when_almost_visible avia-timeline-animate'>\n<li  class='av-milestone av-jnfahg-7ebd139508ef0af6ddd64a5d070d9e6d av-animated-generic fade-in av-milestone-valign-baseline av-milestone-odd'><h2 class='av-milestone-date ' id='milestone-14-00'><strong>14.00<span class='av-milestone-indicator'><\/span><\/strong><\/h2><div class=\"av-milestone-icon-wrap\"><span class='av-milestone-icon milestone_icon avia-font-entypo-fontello'><span class='av-milestone-icon-inner milestone_inner'><i class='milestone-char' aria-hidden='true' data-av_icon='\ue862' data-av_iconfont='entypo-fontello'><\/i><\/span><\/span><\/div><article class='av-milestone-content-wrap'><div class='av-milestone-contentbox'><header class=\"entry-content-header\"><h4 class='av-milestone-title '>Greeting from the authorities - Presentation of the congress<\/h4><\/header><div class='av-milestone-content'><p>Marzio Strassoldo<br \/>\nPresident of SSTeF<br \/>\nSergio Cecotti<br \/>\nVicepresident de SSTeF<br \/>\nCoordenad\u00f4r prof. Marzio Strassoldo<\/p>\n<\/div><\/div><footer class='av-milestone-article-footer entry-footer'><\/footer><\/article><\/li>\n<li  class='av-milestone av-h4lefo-aa92db0ecb2d9cdd572ecdcfd9f7278a av-animated-generic fade-in av-milestone-valign-baseline av-milestone-even'><h2 class='av-milestone-date ' id='milestone-14-45'><strong>14.45<span class='av-milestone-indicator'><\/span><\/strong><\/h2><article class='av-milestone-content-wrap'><div class='av-milestone-contentbox'><header class=\"entry-content-header\"><h4 class='av-milestone-title '>Lectio magistralis - Everything under (deterministic) control and yet predictability may not be possible: A few examples illustrating chaotic versus regiular dynamics<\/h4><\/header><div class='av-milestone-content'><p>Manuel G. Velarde, Universidad Complutense, Madrid, Ret\u00f4r dal CISM, Udin<\/p>\n<\/div><\/div><footer class='av-milestone-article-footer entry-footer'><\/footer><\/article><div class=\"av-milestone-icon-wrap\"><span class='av-milestone-icon milestone_icon avia-font-entypo-fontello'><span class='av-milestone-icon-inner milestone_inner'><i class='milestone-char' aria-hidden='true' data-av_icon='\ue8c9' data-av_iconfont='entypo-fontello'><\/i><\/span><\/span><\/div><h2 class='av-milestone-date ' id='milestone-14-45'><strong>14.45<span class='av-milestone-indicator'><\/span><\/strong><\/h2><\/li>\n<li  class='av-milestone av-gbzy90-78a244db09e9ee1e0f8511d10572554c av-animated-generic fade-in av-milestone-valign-baseline av-milestone-odd'><h2 class='av-milestone-date ' id='milestone-15-30'><strong>15.30<span class='av-milestone-indicator'><\/span><\/strong><\/h2><div class=\"av-milestone-icon-wrap\"><span class='av-milestone-icon milestone_icon avia-font-entypo-fontello'><span class='av-milestone-icon-inner milestone_inner'><i class='milestone-char' aria-hidden='true' data-av_icon='\ue85e' data-av_iconfont='entypo-fontello'><\/i><\/span><\/span><\/div><article class='av-milestone-content-wrap'><div class='av-milestone-contentbox'><header class=\"entry-content-header\"><h4 class='av-milestone-title '>Comunicazions - I vocabui metereologjics te culture furlane cun particol\u00e2r riferiment ai tempor\u00e2i<\/h4><\/header><div class='av-milestone-content'><p>Fulvio Stel, Osmer FVG<\/p>\n<\/div><\/div><footer class='av-milestone-article-footer entry-footer'><\/footer><\/article><\/li>\n<li  class='av-milestone av-e12hec-9b562e94711ad94d7c2d5fe8afd14536 av-animated-generic fade-in av-milestone-valign-baseline av-milestone-even'><h2 class='av-milestone-date ' id='milestone-15-50'><strong>15.50<span class='av-milestone-indicator'><\/span><\/strong><\/h2><article class='av-milestone-content-wrap'><div class='av-milestone-contentbox'><header class=\"entry-content-header\"><h4 class='av-milestone-title '>Comunicazions - Lis previsions dai tempor\u00e2i in Fri\u00fbl e la l\u00f4r bont\u00e2t<\/h4><\/header><div class='av-milestone-content'><p>Dario Giaiotti, Osmer FVG<\/p>\n<\/div><\/div><footer class='av-milestone-article-footer entry-footer'><\/footer><\/article><div class=\"av-milestone-icon-wrap\"><span class='av-milestone-icon milestone_icon avia-font-entypo-fontello'><span class='av-milestone-icon-inner milestone_inner'><i class='milestone-char' aria-hidden='true' data-av_icon='\ue85e' data-av_iconfont='entypo-fontello'><\/i><\/span><\/span><\/div><h2 class='av-milestone-date ' id='milestone-15-50'><strong>15.50<span class='av-milestone-indicator'><\/span><\/strong><\/h2><\/li>\n<li  class='av-milestone av-c3qrpw-b8659b2dfd0a30ed98a5d7a64b27b164 av-animated-generic fade-in av-milestone-valign-baseline av-milestone-odd'><h2 class='av-milestone-date ' id='milestone-16-10'><strong>16.10<span class='av-milestone-indicator'><\/span><\/strong><\/h2><div class=\"av-milestone-icon-wrap\"><span class='av-milestone-icon milestone_icon avia-font-entypo-fontello'><span class='av-milestone-icon-inner milestone_inner'><i class='milestone-char' aria-hidden='true' data-av_icon='\ue899' data-av_iconfont='entypo-fontello'><\/i><\/span><\/span><\/div><article class='av-milestone-content-wrap'><div class='av-milestone-contentbox'><div class='av-milestone-content'><p>Break<\/p>\n<\/div><\/div><footer class='av-milestone-article-footer entry-footer'><\/footer><\/article><\/li>\n<li  class='av-milestone av-11mun8-cfbdf6d7dade3243c358568cd17374c5 av-animated-generic fade-in av-milestone-valign-baseline av-milestone-even'><h2 class='av-milestone-date ' id='milestone-1630'><strong>16,30<span class='av-milestone-indicator'><\/span><\/strong><\/h2><article class='av-milestone-content-wrap'><div class='av-milestone-contentbox'><header class=\"entry-content-header\"><h4 class='av-milestone-title '>Comunicazions - Microincuinament organic alogjen\u00e2t intes aghis dal Fri\u00fbl<\/h4><\/header><div class='av-milestone-content'><p>Daniele Goi, Universit\u00e2t di Udin<\/p>\n<\/div><\/div><footer class='av-milestone-article-footer entry-footer'><\/footer><\/article><div class=\"av-milestone-icon-wrap\"><span class='av-milestone-icon milestone_icon avia-font-entypo-fontello'><span class='av-milestone-icon-inner milestone_inner'><i class='milestone-char' aria-hidden='true' data-av_icon='\ue85e' data-av_iconfont='entypo-fontello'><\/i><\/span><\/span><\/div><h2 class='av-milestone-date ' id='milestone-1630'><strong>16,30<span class='av-milestone-indicator'><\/span><\/strong><\/h2><\/li>\n<li  class='av-milestone av-8msqpg-1533da9975655f8c8328679c9e27c6b7 av-animated-generic fade-in av-milestone-valign-baseline av-milestone-odd'><h2 class='av-milestone-date ' id='milestone-16-50'><strong>16.50<span class='av-milestone-indicator'><\/span><\/strong><\/h2><div class=\"av-milestone-icon-wrap\"><span class='av-milestone-icon milestone_icon avia-font-entypo-fontello'><span class='av-milestone-icon-inner milestone_inner'><i class='milestone-char' aria-hidden='true' data-av_icon='\ue85e' data-av_iconfont='entypo-fontello'><\/i><\/span><\/span><\/div><article class='av-milestone-content-wrap'><div class='av-milestone-contentbox'><header class=\"entry-content-header\"><h4 class='av-milestone-title '>Comunicazions - RPM, maltis par meti in sigurece lis vieris cjasis cuintri dai dams dal taramot<\/h4><\/header><div class='av-milestone-content'><p>Alessandro Bachiorrini, Universit\u00e2t di Udin<\/p>\n<\/div><\/div><footer class='av-milestone-article-footer entry-footer'><\/footer><\/article><\/li>\n<li  class='av-milestone av-7ybeb8-c45d8c2e4260ba704252ae4372666a88 av-animated-generic fade-in av-milestone-valign-baseline av-milestone-even'><h2 class='av-milestone-date ' id='milestone-1710'><strong>17,10<span class='av-milestone-indicator'><\/span><\/strong><\/h2><article class='av-milestone-content-wrap'><div class='av-milestone-contentbox'><header class=\"entry-content-header\"><h4 class='av-milestone-title '>Comunicazions - La diretive europeane sui refudums di aparecjaduris eletrichis e eletronichis (RAEE)<\/h4><\/header><div class='av-milestone-content'><p>Paolo Pellarini, San Den\u00eal<\/p>\n<\/div><\/div><footer class='av-milestone-article-footer entry-footer'><\/footer><\/article><div class=\"av-milestone-icon-wrap\"><span class='av-milestone-icon milestone_icon avia-font-entypo-fontello'><span class='av-milestone-icon-inner milestone_inner'><i class='milestone-char' aria-hidden='true' data-av_icon='\ue85e' data-av_iconfont='entypo-fontello'><\/i><\/span><\/span><\/div><h2 class='av-milestone-date ' id='milestone-1710'><strong>17,10<span class='av-milestone-indicator'><\/span><\/strong><\/h2><\/li>\n<li  class='av-milestone av-5zsdzo-bca75e58c6ce85548e5fbebfebf1d90b av-animated-generic fade-in av-milestone-valign-baseline av-milestone-odd'><h2 class='av-milestone-date ' id='milestone-17-30'><strong>17.30<span class='av-milestone-indicator'><\/span><\/strong><\/h2><div class=\"av-milestone-icon-wrap\"><span class='av-milestone-icon milestone_icon avia-font-entypo-fontello'><span class='av-milestone-icon-inner milestone_inner'><i class='milestone-char' aria-hidden='true' data-av_icon='\ue85e' data-av_iconfont='entypo-fontello'><\/i><\/span><\/span><\/div><article class='av-milestone-content-wrap'><div class='av-milestone-contentbox'><header class=\"entry-content-header\"><h4 class='av-milestone-title '>Comunicazions - La comunicazion par furlan tai ponts di vendite dal Fri\u00fbl<\/h4><\/header><div class='av-milestone-content'><p>Sandro Sillani e Franco Rosa, Universit\u00e2t di Udin<\/p>\n<\/div><\/div><footer class='av-milestone-article-footer entry-footer'><\/footer><\/article><\/li>\n<li  class='av-milestone av-4i15s4-aad7d30026aa614e5cd3f09e2c3ef5d2 av-animated-generic fade-in av-milestone-valign-baseline av-milestone-even'><h2 class='av-milestone-date ' id='milestone-17-50'><strong>17.50<span class='av-milestone-indicator'><\/span><\/strong><\/h2><article class='av-milestone-content-wrap'><div class='av-milestone-contentbox'><header class=\"entry-content-header\"><h4 class='av-milestone-title '>Comunicazions - La articolazion dal lenga\u00e7: unit\u00e2ts e nivei<\/h4><\/header><div class='av-milestone-content'><p>Giorgio Cadorini, Universit\u00e2t di Praghe<\/p>\n<\/div><\/div><footer class='av-milestone-article-footer entry-footer'><\/footer><\/article><div class=\"av-milestone-icon-wrap\"><span class='av-milestone-icon milestone_icon avia-font-entypo-fontello'><span class='av-milestone-icon-inner milestone_inner'><i class='milestone-char' aria-hidden='true' data-av_icon='\ue85e' data-av_iconfont='entypo-fontello'><\/i><\/span><\/span><\/div><h2 class='av-milestone-date ' id='milestone-17-50'><strong>17.50<span class='av-milestone-indicator'><\/span><\/strong><\/h2><\/li>\n<li  class='av-milestone av-2vp3xg-11c8af40b026376275decd2fc5a5da7d av-animated-generic fade-in av-milestone-valign-baseline av-milestone-odd'><h2 class='av-milestone-date ' id='milestone-18-10'><strong>18.10<span class='av-milestone-indicator'><\/span><\/strong><\/h2><div class=\"av-milestone-icon-wrap\"><span class='av-milestone-icon milestone_icon avia-font-entypo-fontello'><span class='av-milestone-icon-inner milestone_inner'><i class='milestone-char' aria-hidden='true' data-av_icon='\ue83c' data-av_iconfont='entypo-fontello'><\/i><\/span><\/span><\/div><article class='av-milestone-content-wrap'><div class='av-milestone-contentbox'><header class=\"entry-content-header\"><h4 class='av-milestone-title '>Discussion<\/h4><\/header><div class='av-milestone-content'><\/div><\/div><footer class='av-milestone-article-footer entry-footer'><\/footer><\/article><\/li>\n<li  class='av-milestone av-ab4gz-dbfd24b32a71603d5eba9e5901d1b065 av-animated-generic fade-in av-milestone-valign-baseline av-milestone-even'><h2 class='av-milestone-date ' id='milestone-19-00'><strong>19.00<span class='av-milestone-indicator'><\/span><\/strong><\/h2><article class='av-milestone-content-wrap'><div class='av-milestone-contentbox'><header class=\"entry-content-header\"><h4 class='av-milestone-title '>Conclusion of the works<\/h4><\/header><div class='av-milestone-content'><\/div><\/div><footer class='av-milestone-article-footer entry-footer'><\/footer><\/article><div class=\"av-milestone-icon-wrap\"><span class='av-milestone-icon milestone_icon avia-font-entypo-fontello'><span class='av-milestone-icon-inner milestone_inner'><i class='milestone-char' aria-hidden='true' data-av_icon='\ue862' data-av_iconfont='entypo-fontello'><\/i><\/span><\/span><\/div><h2 class='av-milestone-date ' id='milestone-19-00'><strong>19.00<span class='av-milestone-indicator'><\/span><\/strong><\/h2><\/li>\n<\/ul><\/div>\n<div  class='avia-video av-kkmudawp-f9e42c1bd9f55a9a98478ff703c1c743 avia-video-16-9 avia-video-lightbox av-lazyload-video-embed avia-video-external-service'  itemprop=\"video\" itemtype=\"https:\/\/schema.org\/VideoObject\"  data-original_url='https:\/\/www.youtube.com\/watch?v=J4J083lTd7M&autoplay=1'><script type='text\/html' class='av-video-tmpl'><a href='https:\/\/www.youtube.com\/watch?v=J4J083lTd7M&autoplay=1' class='mfp-iframe lightbox-link'><\/a><\/script><div class='av-click-to-play-overlay play-lightbox'><div class=\"avia_playpause_icon\"><\/div><\/div><\/div>\n","protected":false},"excerpt":{"rendered":"","protected":false},"author":2,"featured_media":132,"parent":0,"menu_order":0,"comment_status":"closed","ping_status":"closed","template":"","meta":{"spay_email":""},"_links":{"self":[{"href":"https:\/\/www.siencis-par-furlan.net\/en\/wp-json\/wp\/v2\/pages\/2088"}],"collection":[{"href":"https:\/\/www.siencis-par-furlan.net\/en\/wp-json\/wp\/v2\/pages"}],"about":[{"href":"https:\/\/www.siencis-par-furlan.net\/en\/wp-json\/wp\/v2\/types\/page"}],"author":[{"embeddable":true,"href":"https:\/\/www.siencis-par-furlan.net\/en\/wp-json\/wp\/v2\/users\/2"}],"replies":[{"embeddable":true,"href":"https:\/\/www.siencis-par-furlan.net\/en\/wp-json\/wp\/v2\/comments?post=2088"}],"version-history":[{"count":4,"href":"https:\/\/www.siencis-par-furlan.net\/en\/wp-json\/wp\/v2\/pages\/2088\/revisions"}],"predecessor-version":[{"id":2141,"href":"https:\/\/www.siencis-par-furlan.net\/en\/wp-json\/wp\/v2\/pages\/2088\/revisions\/2141"}],"wp:featuredmedia":[{"embeddable":true,"href":"https:\/\/www.siencis-par-furlan.net\/en\/wp-json\/wp\/v2\/media\/132"}],"wp:attachment":[{"href":"https:\/\/www.siencis-par-furlan.net\/en\/wp-json\/wp\/v2\/media?parent=2088"}],"curies":[{"name":"wp","href":"https:\/\/api.w.org\/{rel}","templated":true}]}}