{"id":1777,"date":"2020-12-29T14:52:43","date_gmt":"2020-12-29T13:52:43","guid":{"rendered":"https:\/\/www.siencis-par-furlan.net\/seminars\/valvasone-2013\/"},"modified":"2021-02-01T20:07:04","modified_gmt":"2021-02-01T19:07:04","slug":"valvasone-2013","status":"publish","type":"page","link":"https:\/\/www.siencis-par-furlan.net\/en\/valvasone-2013","title":{"rendered":"Valvasone (2013)"},"content":{"rendered":"\n<style type=\"text\/css\" data-created_by=\"avia_inline_auto\" id=\"style-css-av-k4ib5p8h-7aba3d70dbe7177a514c2291f4ebe02c\">\n#top .av-special-heading.av-k4ib5p8h-7aba3d70dbe7177a514c2291f4ebe02c{\npadding-bottom:10px;\n}\nbody .av-special-heading.av-k4ib5p8h-7aba3d70dbe7177a514c2291f4ebe02c .av-special-heading-tag .heading-char{\nfont-size:25px;\n}\n.av-special-heading.av-k4ib5p8h-7aba3d70dbe7177a514c2291f4ebe02c .av-subheading{\nfont-size:15px;\n}\n<\/style>\n<div  class='av-special-heading av-k4ib5p8h-7aba3d70dbe7177a514c2291f4ebe02c av-special-heading-h3  avia-builder-el-0  el_before_av_textblock  avia-builder-el-first '><h3 class='av-special-heading-tag'  itemprop=\"headline\"  >12\u00b0 Congr\u00e8s anu\u00e2l<\/h3><div class=\"special-heading-border\"><div class=\"special-heading-inner-border\"><\/div><\/div><\/div>\n<section  class='av_textblock_section av-k4hr4ckg-f171ba2fd5f883b651cdeb7c2a64c611'  itemscope=\"itemscope\" itemtype=\"https:\/\/schema.org\/CreativeWork\" ><div class='avia_textblock'  itemprop=\"text\" ><p><strong>ai 23 di Novembar dal 2013<br \/>\nSale Rome dal Municipi<br \/>\nValvasone<\/strong><\/p>\n<\/div><\/section>\n\n<style type=\"text\/css\" data-created_by=\"avia_inline_auto\" id=\"style-css-av-av_heading-619ca838c613b8e7b38cc13160b8526e\">\n#top .av-special-heading.av-av_heading-619ca838c613b8e7b38cc13160b8526e{\npadding-bottom:10px;\n}\nbody .av-special-heading.av-av_heading-619ca838c613b8e7b38cc13160b8526e .av-special-heading-tag .heading-char{\nfont-size:25px;\n}\n.av-special-heading.av-av_heading-619ca838c613b8e7b38cc13160b8526e .av-subheading{\nfont-size:15px;\n}\n<\/style>\n<div  class='av-special-heading av-av_heading-619ca838c613b8e7b38cc13160b8526e av-special-heading-h4  avia-builder-el-2  el_after_av_textblock  el_before_av_timeline '><h4 class='av-special-heading-tag'  itemprop=\"headline\"  >Program<\/h4><div class=\"special-heading-border\"><div class=\"special-heading-inner-border\"><\/div><\/div><\/div>\n\n<style type=\"text\/css\" data-created_by=\"avia_inline_auto\" id=\"style-css-sub-av-k4hrjjko-7b4ef507cad373bbbd32b2a21212c366\">\n.avia-timeline-container .av-milestone.av-24ow3v-f0ee6c7b67c3abc32646d65a166e9a51 .av-milestone-icon-inner{\nbackground-color:#00447b;\n}\n.avia-timeline-container .av-milestone.av-24ow3v-f0ee6c7b67c3abc32646d65a166e9a51 .av-milestone-indicator{\nbackground-color:#00447b;\n}\n.avia-timeline-container .av-milestone.av-24ow3v-f0ee6c7b67c3abc32646d65a166e9a51 .av-milestone-article-footer{\nbackground-color:#00447b;\n}\n.avia-timeline-container .av-milestone.av-av_timeline_item-0fa35e15790070c5a2f9d33b5fb12f68 .av-milestone-icon-inner{\nbackground-color:#00447b;\n}\n.avia-timeline-container .av-milestone.av-av_timeline_item-0fa35e15790070c5a2f9d33b5fb12f68 .av-milestone-indicator{\nbackground-color:#00447b;\n}\n.avia-timeline-container .av-milestone.av-av_timeline_item-0fa35e15790070c5a2f9d33b5fb12f68 .av-milestone-article-footer{\nbackground-color:#00447b;\n}\n.avia-timeline-container .av-milestone.av-av_timeline_item-d5edeb5452ab3093b22b06cbfcde52aa .av-milestone-icon-inner{\nbackground-color:#2560a2;\n}\n.avia-timeline-container .av-milestone.av-av_timeline_item-d5edeb5452ab3093b22b06cbfcde52aa .av-milestone-indicator{\nbackground-color:#2560a2;\n}\n.avia-timeline-container .av-milestone.av-av_timeline_item-d5edeb5452ab3093b22b06cbfcde52aa .av-milestone-article-footer{\nbackground-color:#2560a2;\n}\n.avia-timeline-container .av-milestone.av-av_timeline_item-9e80c5e6ef9290967869c2d7976a37a1 .av-milestone-icon-inner{\nbackground-color:#2560a2;\n}\n.avia-timeline-container .av-milestone.av-av_timeline_item-9e80c5e6ef9290967869c2d7976a37a1 .av-milestone-indicator{\nbackground-color:#2560a2;\n}\n.avia-timeline-container .av-milestone.av-av_timeline_item-9e80c5e6ef9290967869c2d7976a37a1 .av-milestone-article-footer{\nbackground-color:#2560a2;\n}\n.avia-timeline-container .av-milestone.av-av_timeline_item-dacc6005633c5e990e4a816d84d37df1 .av-milestone-icon-inner{\nbackground-color:#2560a2;\n}\n.avia-timeline-container .av-milestone.av-av_timeline_item-dacc6005633c5e990e4a816d84d37df1 .av-milestone-indicator{\nbackground-color:#2560a2;\n}\n.avia-timeline-container .av-milestone.av-av_timeline_item-dacc6005633c5e990e4a816d84d37df1 .av-milestone-article-footer{\nbackground-color:#2560a2;\n}\n.avia-timeline-container .av-milestone.av-194idv-bda682fefec16a48bd59179dd6e825d9 .av-milestone-icon-inner{\nbackground-color:#2560a2;\n}\n.avia-timeline-container .av-milestone.av-194idv-bda682fefec16a48bd59179dd6e825d9 .av-milestone-indicator{\nbackground-color:#2560a2;\n}\n.avia-timeline-container .av-milestone.av-194idv-bda682fefec16a48bd59179dd6e825d9 .av-milestone-article-footer{\nbackground-color:#2560a2;\n}\n.avia-timeline-container .av-milestone.av-av_timeline_item-5339275ecbe7cff9cd82c37ffa2c727e .av-milestone-icon-inner{\nbackground-color:#2560a2;\n}\n.avia-timeline-container .av-milestone.av-av_timeline_item-5339275ecbe7cff9cd82c37ffa2c727e .av-milestone-indicator{\nbackground-color:#2560a2;\n}\n.avia-timeline-container .av-milestone.av-av_timeline_item-5339275ecbe7cff9cd82c37ffa2c727e .av-milestone-article-footer{\nbackground-color:#2560a2;\n}\n.avia-timeline-container .av-milestone.av-av_timeline_item-a2c01a12fb6f3c0a95ec805f9f406c2f .av-milestone-icon-inner{\nbackground-color:#2560a2;\n}\n.avia-timeline-container .av-milestone.av-av_timeline_item-a2c01a12fb6f3c0a95ec805f9f406c2f .av-milestone-indicator{\nbackground-color:#2560a2;\n}\n.avia-timeline-container .av-milestone.av-av_timeline_item-a2c01a12fb6f3c0a95ec805f9f406c2f .av-milestone-article-footer{\nbackground-color:#2560a2;\n}\n.avia-timeline-container .av-milestone.av-av_timeline_item-ca236d30044741a1c61b0c439a29b5b2 .av-milestone-icon-inner{\nbackground-color:#2560a2;\n}\n.avia-timeline-container .av-milestone.av-av_timeline_item-ca236d30044741a1c61b0c439a29b5b2 .av-milestone-indicator{\nbackground-color:#2560a2;\n}\n.avia-timeline-container .av-milestone.av-av_timeline_item-ca236d30044741a1c61b0c439a29b5b2 .av-milestone-article-footer{\nbackground-color:#2560a2;\n}\n.avia-timeline-container .av-milestone.av-av_timeline_item-703636cd91a4e6a9bc06dbd183b630c2 .av-milestone-icon-inner{\nbackground-color:#2560a2;\n}\n.avia-timeline-container .av-milestone.av-av_timeline_item-703636cd91a4e6a9bc06dbd183b630c2 .av-milestone-indicator{\nbackground-color:#2560a2;\n}\n.avia-timeline-container .av-milestone.av-av_timeline_item-703636cd91a4e6a9bc06dbd183b630c2 .av-milestone-article-footer{\nbackground-color:#2560a2;\n}\n.avia-timeline-container .av-milestone.av-ab4gz-adcd2ba26bd28d5286e94b577210af7f .av-milestone-icon-inner{\nbackground-color:#b02b2c;\n}\n.avia-timeline-container .av-milestone.av-ab4gz-adcd2ba26bd28d5286e94b577210af7f .av-milestone-indicator{\nbackground-color:#b02b2c;\n}\n.avia-timeline-container .av-milestone.av-ab4gz-adcd2ba26bd28d5286e94b577210af7f .av-milestone-article-footer{\nbackground-color:#b02b2c;\n}\n<\/style>\n<div  id=\"avia-timeline-1\"  class='avia-timeline-container av-k4hrjjko-7b4ef507cad373bbbd32b2a21212c366  avia-builder-el-3  el_after_av_heading  avia-builder-el-last ' ><ul class='avia-timeline avia-timeline-vertical av-milestone-placement-alternate avia-timeline- avia_animate_when_almost_visible avia-timeline-animate'>\n<li  class='av-milestone av-24ow3v-f0ee6c7b67c3abc32646d65a166e9a51 av-animated-generic fade-in av-milestone-valign-baseline av-milestone-odd'><h2 class='av-milestone-date ' id='milestone-14-30'><strong>14.30<span class='av-milestone-indicator'><\/span><\/strong><\/h2><div class=\"av-milestone-icon-wrap\"><span class='av-milestone-icon milestone_icon avia-font-entypo-fontello'><span class='av-milestone-icon-inner milestone_inner'><i class='milestone-char' aria-hidden='true' data-av_icon='\ue862' data-av_iconfont='entypo-fontello'><\/i><\/span><\/span><\/div><article class='av-milestone-content-wrap'><div class='av-milestone-contentbox'><header class=\"entry-content-header\"><h4 class='av-milestone-title '>Greeting from the authorities - Presentation of the congress<\/h4><\/header><div class='av-milestone-content'><p>Marzio Strassoldo<br \/>\nPresident of SSTeF<\/p>\n<\/div><\/div><footer class='av-milestone-article-footer entry-footer'><\/footer><\/article><\/li>\n<li  class='av-milestone av-av_timeline_item-0fa35e15790070c5a2f9d33b5fb12f68 av-animated-generic fade-in av-milestone-valign-baseline av-milestone-even'><h2 class='av-milestone-date ' id='milestone-15-00'><strong>15.00<span class='av-milestone-indicator'><\/span><\/strong><\/h2><article class='av-milestone-content-wrap'><div class='av-milestone-contentbox'><header class=\"entry-content-header\"><h4 class='av-milestone-title '>Lectio magistralis - Mechanics of biological tissues: an integration of competences<\/h4><\/header><div class='av-milestone-content'><p>Arturo Natali<br \/>\nDiret\u00f4r dal Centri interdipartiment\u00e2l di ricercje di mecaniche dai materi\u00e2i biologjics, Universit\u00e2t di Padue<\/p>\n<\/div><\/div><footer class='av-milestone-article-footer entry-footer'><\/footer><\/article><div class=\"av-milestone-icon-wrap\"><span class='av-milestone-icon milestone_icon avia-font-entypo-fontello'><span class='av-milestone-icon-inner milestone_inner'><i class='milestone-char' aria-hidden='true' data-av_icon='\ue8c9' data-av_iconfont='entypo-fontello'><\/i><\/span><\/span><\/div><h2 class='av-milestone-date ' id='milestone-15-00'><strong>15.00<span class='av-milestone-indicator'><\/span><\/strong><\/h2><\/li>\n<li  class='av-milestone av-av_timeline_item-d5edeb5452ab3093b22b06cbfcde52aa av-animated-generic fade-in av-milestone-valign-baseline av-milestone-odd'><h2 class='av-milestone-date ' id='milestone-16-00'><strong>16.00<span class='av-milestone-indicator'><\/span><\/strong><\/h2><div class=\"av-milestone-icon-wrap\"><span class='av-milestone-icon milestone_icon avia-font-entypo-fontello'><span class='av-milestone-icon-inner milestone_inner'><i class='milestone-char' aria-hidden='true' data-av_icon='\ue85e' data-av_iconfont='entypo-fontello'><\/i><\/span><\/span><\/div><article class='av-milestone-content-wrap'><div class='av-milestone-contentbox'><header class=\"entry-content-header\"><h4 class='av-milestone-title '>Comunicazions - Proceduris e afidabilit\u00e2t dai d\u00e2ts speriment\u00e2i: une cuistion simpri vierte<\/h4><\/header><div class='av-milestone-content'><p>Alessandro Bachiorrini<br \/>\nUniversity of Udine<\/p>\n<\/div><\/div><footer class='av-milestone-article-footer entry-footer'><\/footer><\/article><\/li>\n<li  class='av-milestone av-av_timeline_item-9e80c5e6ef9290967869c2d7976a37a1 av-animated-generic fade-in av-milestone-valign-baseline av-milestone-even'><h2 class='av-milestone-date ' id='milestone-16-20'><strong>16.20<span class='av-milestone-indicator'><\/span><\/strong><\/h2><article class='av-milestone-content-wrap'><div class='av-milestone-contentbox'><header class=\"entry-content-header\"><h4 class='av-milestone-title '>Comunicazions - Language and food: a cross-cultural approach to test the influence of local langage to affect the preferences of diglot consumers in Friuli Venezia Giulia region<\/h4><\/header><div class='av-milestone-content'><p>Franco Rosa, Sandro Sillani, Federico Nassivera, Michela Vasciaveo<br \/>\nUniversity of Udine<\/p>\n<\/div><\/div><footer class='av-milestone-article-footer entry-footer'><\/footer><\/article><div class=\"av-milestone-icon-wrap\"><span class='av-milestone-icon milestone_icon avia-font-entypo-fontello'><span class='av-milestone-icon-inner milestone_inner'><i class='milestone-char' aria-hidden='true' data-av_icon='\ue85e' data-av_iconfont='entypo-fontello'><\/i><\/span><\/span><\/div><h2 class='av-milestone-date ' id='milestone-16-20'><strong>16.20<span class='av-milestone-indicator'><\/span><\/strong><\/h2><\/li>\n<li  class='av-milestone av-av_timeline_item-dacc6005633c5e990e4a816d84d37df1 av-animated-generic fade-in av-milestone-valign-baseline av-milestone-odd'><h2 class='av-milestone-date ' id='milestone-16-40'><strong>16.40<span class='av-milestone-indicator'><\/span><\/strong><\/h2><div class=\"av-milestone-icon-wrap\"><span class='av-milestone-icon milestone_icon avia-font-entypo-fontello'><span class='av-milestone-icon-inner milestone_inner'><i class='milestone-char' aria-hidden='true' data-av_icon='\ue85e' data-av_iconfont='entypo-fontello'><\/i><\/span><\/span><\/div><article class='av-milestone-content-wrap'><div class='av-milestone-contentbox'><header class=\"entry-content-header\"><h4 class='av-milestone-title '>Comunicazions - Determinazion dai elements miner\u00e2i in vu\u00e8s di nem\u00e2i che a vivin te zone tropic\u00e2l (Somalie)<\/h4><\/header><div class='av-milestone-content'><p>Ornella Boschelle<br \/>\nUniversity of Udine<\/p>\n<\/div><\/div><footer class='av-milestone-article-footer entry-footer'><\/footer><\/article><\/li>\n<li  class='av-milestone av-194idv-bda682fefec16a48bd59179dd6e825d9 av-animated-generic fade-in av-milestone-valign-baseline av-milestone-even'><h2 class='av-milestone-date ' id='milestone-17-00'><strong>17.00<span class='av-milestone-indicator'><\/span><\/strong><\/h2><article class='av-milestone-content-wrap'><div class='av-milestone-contentbox'><div class='av-milestone-content'><p>Break<\/p>\n<\/div><\/div><footer class='av-milestone-article-footer entry-footer'><\/footer><\/article><div class=\"av-milestone-icon-wrap\"><span class='av-milestone-icon milestone_icon avia-font-entypo-fontello'><span class='av-milestone-icon-inner milestone_inner'><i class='milestone-char' aria-hidden='true' data-av_icon='\ue899' data-av_iconfont='entypo-fontello'><\/i><\/span><\/span><\/div><h2 class='av-milestone-date ' id='milestone-17-00'><strong>17.00<span class='av-milestone-indicator'><\/span><\/strong><\/h2><\/li>\n<li  class='av-milestone av-av_timeline_item-5339275ecbe7cff9cd82c37ffa2c727e av-animated-generic fade-in av-milestone-valign-baseline av-milestone-odd'><h2 class='av-milestone-date ' id='milestone-17-20'><strong>17.20<span class='av-milestone-indicator'><\/span><\/strong><\/h2><div class=\"av-milestone-icon-wrap\"><span class='av-milestone-icon milestone_icon avia-font-entypo-fontello'><span class='av-milestone-icon-inner milestone_inner'><i class='milestone-char' aria-hidden='true' data-av_icon='\ue85e' data-av_iconfont='entypo-fontello'><\/i><\/span><\/span><\/div><article class='av-milestone-content-wrap'><div class='av-milestone-contentbox'><header class=\"entry-content-header\"><h4 class='av-milestone-title '>Comunicazions - Misure te scuele de infanzie: lungjece e trasparence<\/h4><\/header><div class='av-milestone-content'><p>Rita Maurizio<br \/>\nUniversity of Udine<\/p>\n<\/div><\/div><footer class='av-milestone-article-footer entry-footer'><\/footer><\/article><\/li>\n<li  class='av-milestone av-av_timeline_item-a2c01a12fb6f3c0a95ec805f9f406c2f av-animated-generic fade-in av-milestone-valign-baseline av-milestone-even'><h2 class='av-milestone-date ' id='milestone-17-40'><strong>17.40<span class='av-milestone-indicator'><\/span><\/strong><\/h2><article class='av-milestone-content-wrap'><div class='av-milestone-contentbox'><header class=\"entry-content-header\"><h4 class='av-milestone-title '>Comunicazions - Il dilavament de ploie in zonis industri\u00e2ls: esempli di modelazion numeriche<\/h4><\/header><div class='av-milestone-content'><p>Matteo Trigatti, Daniele Goi<br \/>\nUniversity of Udine<\/p>\n<\/div><\/div><footer class='av-milestone-article-footer entry-footer'><\/footer><\/article><div class=\"av-milestone-icon-wrap\"><span class='av-milestone-icon milestone_icon avia-font-entypo-fontello'><span class='av-milestone-icon-inner milestone_inner'><i class='milestone-char' aria-hidden='true' data-av_icon='\ue85e' data-av_iconfont='entypo-fontello'><\/i><\/span><\/span><\/div><h2 class='av-milestone-date ' id='milestone-17-40'><strong>17.40<span class='av-milestone-indicator'><\/span><\/strong><\/h2><\/li>\n<li  class='av-milestone av-av_timeline_item-ca236d30044741a1c61b0c439a29b5b2 av-animated-generic fade-in av-milestone-valign-baseline av-milestone-odd'><h2 class='av-milestone-date ' id='milestone-18-00'><strong>18.00<span class='av-milestone-indicator'><\/span><\/strong><\/h2><div class=\"av-milestone-icon-wrap\"><span class='av-milestone-icon milestone_icon avia-font-entypo-fontello'><span class='av-milestone-icon-inner milestone_inner'><i class='milestone-char' aria-hidden='true' data-av_icon='\ue85e' data-av_iconfont='entypo-fontello'><\/i><\/span><\/span><\/div><article class='av-milestone-content-wrap'><div class='av-milestone-contentbox'><header class=\"entry-content-header\"><h4 class='av-milestone-title '>Comunicazions - La sal\u00fbt des feminis<\/h4><\/header><div class='av-milestone-content'><p>Silla Stel<br \/>\nDipartiment di Prevenzion, ASS 5 Basse Furlane<\/p>\n<\/div><\/div><footer class='av-milestone-article-footer entry-footer'><\/footer><\/article><\/li>\n<li  class='av-milestone av-av_timeline_item-703636cd91a4e6a9bc06dbd183b630c2 av-animated-generic fade-in av-milestone-valign-baseline av-milestone-even'><h2 class='av-milestone-date ' id='milestone-18-20'><strong>18.20<span class='av-milestone-indicator'><\/span><\/strong><\/h2><article class='av-milestone-content-wrap'><div class='av-milestone-contentbox'><header class=\"entry-content-header\"><h4 class='av-milestone-title '>Discussion<\/h4><\/header><div class='av-milestone-content'><\/div><\/div><footer class='av-milestone-article-footer entry-footer'><\/footer><\/article><div class=\"av-milestone-icon-wrap\"><span class='av-milestone-icon milestone_icon avia-font-entypo-fontello'><span class='av-milestone-icon-inner milestone_inner'><i class='milestone-char' aria-hidden='true' data-av_icon='\ue83c' data-av_iconfont='entypo-fontello'><\/i><\/span><\/span><\/div><h2 class='av-milestone-date ' id='milestone-18-20'><strong>18.20<span class='av-milestone-indicator'><\/span><\/strong><\/h2><\/li>\n<li  class='av-milestone av-ab4gz-adcd2ba26bd28d5286e94b577210af7f av-animated-generic fade-in av-milestone-valign-baseline av-milestone-odd'><h2 class='av-milestone-date ' id='milestone-19-00'><strong>19.00<span class='av-milestone-indicator'><\/span><\/strong><\/h2><div class=\"av-milestone-icon-wrap\"><span class='av-milestone-icon milestone_icon avia-font-entypo-fontello'><span class='av-milestone-icon-inner milestone_inner'><i class='milestone-char' aria-hidden='true' data-av_icon='\ue862' data-av_iconfont='entypo-fontello'><\/i><\/span><\/span><\/div><article class='av-milestone-content-wrap'><div class='av-milestone-contentbox'><header class=\"entry-content-header\"><h4 class='av-milestone-title '>Conclusion of the works<\/h4><\/header><div class='av-milestone-content'><\/div><\/div><footer class='av-milestone-article-footer entry-footer'><\/footer><\/article><\/li>\n<\/ul><\/div>\n","protected":false},"excerpt":{"rendered":"","protected":false},"author":2,"featured_media":0,"parent":0,"menu_order":0,"comment_status":"closed","ping_status":"closed","template":"","meta":{"spay_email":""},"_links":{"self":[{"href":"https:\/\/www.siencis-par-furlan.net\/en\/wp-json\/wp\/v2\/pages\/1777"}],"collection":[{"href":"https:\/\/www.siencis-par-furlan.net\/en\/wp-json\/wp\/v2\/pages"}],"about":[{"href":"https:\/\/www.siencis-par-furlan.net\/en\/wp-json\/wp\/v2\/types\/page"}],"author":[{"embeddable":true,"href":"https:\/\/www.siencis-par-furlan.net\/en\/wp-json\/wp\/v2\/users\/2"}],"replies":[{"embeddable":true,"href":"https:\/\/www.siencis-par-furlan.net\/en\/wp-json\/wp\/v2\/comments?post=1777"}],"version-history":[{"count":7,"href":"https:\/\/www.siencis-par-furlan.net\/en\/wp-json\/wp\/v2\/pages\/1777\/revisions"}],"predecessor-version":[{"id":2083,"href":"https:\/\/www.siencis-par-furlan.net\/en\/wp-json\/wp\/v2\/pages\/1777\/revisions\/2083"}],"wp:attachment":[{"href":"https:\/\/www.siencis-par-furlan.net\/en\/wp-json\/wp\/v2\/media?parent=1777"}],"curies":[{"name":"wp","href":"https:\/\/api.w.org\/{rel}","templated":true}]}}