{"id":1740,"date":"2020-12-29T14:13:13","date_gmt":"2020-12-29T13:13:13","guid":{"rendered":"https:\/\/www.siencis-par-furlan.net\/seminars\/sesto-dal-reghena-2003\/"},"modified":"2026-01-03T20:28:04","modified_gmt":"2026-01-03T19:28:04","slug":"sesto-dal-reghena-2003","status":"publish","type":"page","link":"https:\/\/www.siencis-par-furlan.net\/en\/sesto-dal-reghena-2003","title":{"rendered":"Sesto al Reghena (2003)"},"content":{"rendered":"\n<style type=\"text\/css\" data-created_by=\"avia_inline_auto\" id=\"style-css-av-k53o7kxe-d32a278c3402cf70c8a990c07e5ffb14\">\n#top .av-special-heading.av-k53o7kxe-d32a278c3402cf70c8a990c07e5ffb14{\npadding-bottom:10px;\n}\nbody .av-special-heading.av-k53o7kxe-d32a278c3402cf70c8a990c07e5ffb14 .av-special-heading-tag .heading-char{\nfont-size:25px;\n}\n.av-special-heading.av-k53o7kxe-d32a278c3402cf70c8a990c07e5ffb14 .av-subheading{\nfont-size:15px;\n}\n<\/style>\n<div  class='av-special-heading av-k53o7kxe-d32a278c3402cf70c8a990c07e5ffb14 av-special-heading-h3  avia-builder-el-0  el_before_av_textblock  avia-builder-el-first '><h3 class='av-special-heading-tag'  itemprop=\"headline\"  >2\u00b0 Congr\u00e8s anu\u00e2l<\/h3><div class=\"special-heading-border\"><div class=\"special-heading-inner-border\"><\/div><\/div><\/div>\n<section  class='av_textblock_section av-k4hr4ckg-f171ba2fd5f883b651cdeb7c2a64c611'  itemscope=\"itemscope\" itemtype=\"https:\/\/schema.org\/CreativeWork\" ><div class='avia_textblock'  itemprop=\"text\" ><p><strong>ai 16 di Otubar dal 2003<br \/>\nBadie di Sante Marie in Sylvis<br \/>\nSiest dal Reghine<\/strong><\/p>\n<\/div><\/section>\n\n<style type=\"text\/css\" data-created_by=\"avia_inline_auto\" id=\"style-css-av-av_heading-619ca838c613b8e7b38cc13160b8526e\">\n#top .av-special-heading.av-av_heading-619ca838c613b8e7b38cc13160b8526e{\npadding-bottom:10px;\n}\nbody .av-special-heading.av-av_heading-619ca838c613b8e7b38cc13160b8526e .av-special-heading-tag .heading-char{\nfont-size:25px;\n}\n.av-special-heading.av-av_heading-619ca838c613b8e7b38cc13160b8526e .av-subheading{\nfont-size:15px;\n}\n<\/style>\n<div  class='av-special-heading av-av_heading-619ca838c613b8e7b38cc13160b8526e av-special-heading-h4  avia-builder-el-2  el_after_av_textblock  el_before_av_timeline '><h4 class='av-special-heading-tag'  itemprop=\"headline\"  >Program<\/h4><div class=\"special-heading-border\"><div class=\"special-heading-inner-border\"><\/div><\/div><\/div>\n\n<style type=\"text\/css\" data-created_by=\"avia_inline_auto\" id=\"style-css-sub-av-k4hrjjko-7b4ef507cad373bbbd32b2a21212c366\">\n.avia-timeline-container .av-milestone.av-24ow3v-f0ee6c7b67c3abc32646d65a166e9a51 .av-milestone-icon-inner{\nbackground-color:#00447b;\n}\n.avia-timeline-container .av-milestone.av-24ow3v-f0ee6c7b67c3abc32646d65a166e9a51 .av-milestone-indicator{\nbackground-color:#00447b;\n}\n.avia-timeline-container .av-milestone.av-24ow3v-f0ee6c7b67c3abc32646d65a166e9a51 .av-milestone-article-footer{\nbackground-color:#00447b;\n}\n.avia-timeline-container .av-milestone.av-av_timeline_item-4acfe0594fb87c6d676118331ef0992b .av-milestone-icon-inner{\nbackground-color:#00447b;\n}\n.avia-timeline-container .av-milestone.av-av_timeline_item-4acfe0594fb87c6d676118331ef0992b .av-milestone-indicator{\nbackground-color:#00447b;\n}\n.avia-timeline-container .av-milestone.av-av_timeline_item-4acfe0594fb87c6d676118331ef0992b .av-milestone-article-footer{\nbackground-color:#00447b;\n}\n.avia-timeline-container .av-milestone.av-av_timeline_item-a49b433380677a9b62ccff09c537a833 .av-milestone-icon-inner{\nbackground-color:#2560a2;\n}\n.avia-timeline-container .av-milestone.av-av_timeline_item-a49b433380677a9b62ccff09c537a833 .av-milestone-indicator{\nbackground-color:#2560a2;\n}\n.avia-timeline-container .av-milestone.av-av_timeline_item-a49b433380677a9b62ccff09c537a833 .av-milestone-article-footer{\nbackground-color:#2560a2;\n}\n.avia-timeline-container .av-milestone.av-av_timeline_item-fcbb8ba7b8e9fd7110ae36280284df5f .av-milestone-icon-inner{\nbackground-color:#2560a2;\n}\n.avia-timeline-container .av-milestone.av-av_timeline_item-fcbb8ba7b8e9fd7110ae36280284df5f .av-milestone-indicator{\nbackground-color:#2560a2;\n}\n.avia-timeline-container .av-milestone.av-av_timeline_item-fcbb8ba7b8e9fd7110ae36280284df5f .av-milestone-article-footer{\nbackground-color:#2560a2;\n}\n.avia-timeline-container .av-milestone.av-av_timeline_item-31c2614b49766b0a0edbeb91d88c4a8e .av-milestone-icon-inner{\nbackground-color:#2560a2;\n}\n.avia-timeline-container .av-milestone.av-av_timeline_item-31c2614b49766b0a0edbeb91d88c4a8e .av-milestone-indicator{\nbackground-color:#2560a2;\n}\n.avia-timeline-container .av-milestone.av-av_timeline_item-31c2614b49766b0a0edbeb91d88c4a8e .av-milestone-article-footer{\nbackground-color:#2560a2;\n}\n.avia-timeline-container .av-milestone.av-av_timeline_item-faaf255dc5a4ca38ae33be36bdfc46e7 .av-milestone-icon-inner{\nbackground-color:#2560a2;\n}\n.avia-timeline-container .av-milestone.av-av_timeline_item-faaf255dc5a4ca38ae33be36bdfc46e7 .av-milestone-indicator{\nbackground-color:#2560a2;\n}\n.avia-timeline-container .av-milestone.av-av_timeline_item-faaf255dc5a4ca38ae33be36bdfc46e7 .av-milestone-article-footer{\nbackground-color:#2560a2;\n}\n.avia-timeline-container .av-milestone.av-av_timeline_item-e9cea8d0b9d8f994f7665b9048b0c29a .av-milestone-icon-inner{\nbackground-color:#2560a2;\n}\n.avia-timeline-container .av-milestone.av-av_timeline_item-e9cea8d0b9d8f994f7665b9048b0c29a .av-milestone-indicator{\nbackground-color:#2560a2;\n}\n.avia-timeline-container .av-milestone.av-av_timeline_item-e9cea8d0b9d8f994f7665b9048b0c29a .av-milestone-article-footer{\nbackground-color:#2560a2;\n}\n.avia-timeline-container .av-milestone.av-av_timeline_item-8482749d8f402f037167476c63decbc6 .av-milestone-icon-inner{\nbackground-color:#2560a2;\n}\n.avia-timeline-container .av-milestone.av-av_timeline_item-8482749d8f402f037167476c63decbc6 .av-milestone-indicator{\nbackground-color:#2560a2;\n}\n.avia-timeline-container .av-milestone.av-av_timeline_item-8482749d8f402f037167476c63decbc6 .av-milestone-article-footer{\nbackground-color:#2560a2;\n}\n.avia-timeline-container .av-milestone.av-av_timeline_item-5349cdbd4d4dadf47f9c2989b0dae268 .av-milestone-icon-inner{\nbackground-color:#2560a2;\n}\n.avia-timeline-container .av-milestone.av-av_timeline_item-5349cdbd4d4dadf47f9c2989b0dae268 .av-milestone-indicator{\nbackground-color:#2560a2;\n}\n.avia-timeline-container .av-milestone.av-av_timeline_item-5349cdbd4d4dadf47f9c2989b0dae268 .av-milestone-article-footer{\nbackground-color:#2560a2;\n}\n.avia-timeline-container .av-milestone.av-av_timeline_item-c92baa4d46b54046960020fb489a8cfa .av-milestone-icon-inner{\nbackground-color:#2560a2;\n}\n.avia-timeline-container .av-milestone.av-av_timeline_item-c92baa4d46b54046960020fb489a8cfa .av-milestone-indicator{\nbackground-color:#2560a2;\n}\n.avia-timeline-container .av-milestone.av-av_timeline_item-c92baa4d46b54046960020fb489a8cfa .av-milestone-article-footer{\nbackground-color:#2560a2;\n}\n.avia-timeline-container .av-milestone.av-ab4gz-adcd2ba26bd28d5286e94b577210af7f .av-milestone-icon-inner{\nbackground-color:#b02b2c;\n}\n.avia-timeline-container .av-milestone.av-ab4gz-adcd2ba26bd28d5286e94b577210af7f .av-milestone-indicator{\nbackground-color:#b02b2c;\n}\n.avia-timeline-container .av-milestone.av-ab4gz-adcd2ba26bd28d5286e94b577210af7f .av-milestone-article-footer{\nbackground-color:#b02b2c;\n}\n<\/style>\n<div  id=\"avia-timeline-1\"  class='avia-timeline-container av-k4hrjjko-7b4ef507cad373bbbd32b2a21212c366  avia-builder-el-3  el_after_av_heading  avia-builder-el-last ' ><ul class='avia-timeline avia-timeline-vertical av-milestone-placement-alternate avia-timeline- avia_animate_when_almost_visible avia-timeline-animate'>\n<li  class='av-milestone av-24ow3v-f0ee6c7b67c3abc32646d65a166e9a51 av-animated-generic fade-in av-milestone-valign-baseline av-milestone-odd'><h2 class='av-milestone-date ' id='milestone-14-30'><strong>14.30<span class='av-milestone-indicator'><\/span><\/strong><\/h2><div class=\"av-milestone-icon-wrap\"><span class='av-milestone-icon milestone_icon avia-font-entypo-fontello'><span class='av-milestone-icon-inner milestone_inner'><i class='milestone-char' aria-hidden='true' data-av_icon='\ue862' data-av_iconfont='entypo-fontello'><\/i><\/span><\/span><\/div><article class='av-milestone-content-wrap'><div class='av-milestone-contentbox'><header class=\"entry-content-header\"><h4 class='av-milestone-title '>Greeting from the authorities - Presentation of the congress<\/h4><\/header><div class='av-milestone-content'><p>Marzio Strassoldo<br \/>\nPresident of SSTeF<\/p>\n<\/div><\/div><footer class='av-milestone-article-footer entry-footer'><\/footer><\/article><\/li>\n<li  class='av-milestone av-av_timeline_item-4acfe0594fb87c6d676118331ef0992b av-animated-generic fade-in av-milestone-valign-baseline av-milestone-even'><h2 class='av-milestone-date ' id='milestone-14-50'><strong>14.50<span class='av-milestone-indicator'><\/span><\/strong><\/h2><article class='av-milestone-content-wrap'><div class='av-milestone-contentbox'><header class=\"entry-content-header\"><h4 class='av-milestone-title '>Lectio magistralis - The bilingual brain: Proficiency and age of acquisition of second language<\/h4><\/header><div class='av-milestone-content'><p>Daniela Perani<br \/>\nUniversit\u00e2t Vita-Salute H San Raffaele, CNR-Istituto di Bioimmagini e Fisiologia Molecolare, IRCCS H San Raffaele, Milan<\/p>\n<\/div><\/div><footer class='av-milestone-article-footer entry-footer'><\/footer><\/article><div class=\"av-milestone-icon-wrap\"><span class='av-milestone-icon milestone_icon avia-font-entypo-fontello'><span class='av-milestone-icon-inner milestone_inner'><i class='milestone-char' aria-hidden='true' data-av_icon='\ue8c9' data-av_iconfont='entypo-fontello'><\/i><\/span><\/span><\/div><h2 class='av-milestone-date ' id='milestone-14-50'><strong>14.50<span class='av-milestone-indicator'><\/span><\/strong><\/h2><\/li>\n<li  class='av-milestone av-av_timeline_item-a49b433380677a9b62ccff09c537a833 av-animated-generic fade-in av-milestone-valign-baseline av-milestone-odd'><h2 class='av-milestone-date ' id='milestone-15-50'><strong>15.50<span class='av-milestone-indicator'><\/span><\/strong><\/h2><div class=\"av-milestone-icon-wrap\"><span class='av-milestone-icon milestone_icon avia-font-entypo-fontello'><span class='av-milestone-icon-inner milestone_inner'><i class='milestone-char' aria-hidden='true' data-av_icon='\ue85e' data-av_iconfont='entypo-fontello'><\/i><\/span><\/span><\/div><article class='av-milestone-content-wrap'><div class='av-milestone-contentbox'><header class=\"entry-content-header\"><h4 class='av-milestone-title '>Comunicazions - Cualchi riflession su la didatiche des fuarcis gravitazion\u00e2l e coulombiane<\/h4><\/header><div class='av-milestone-content'><p>Gian Luigi Michelutti, Marisa Michelini<br \/>\nUniversit\u00e2t di Udin<\/p>\n<\/div><\/div><footer class='av-milestone-article-footer entry-footer'><\/footer><\/article><\/li>\n<li  class='av-milestone av-av_timeline_item-fcbb8ba7b8e9fd7110ae36280284df5f av-animated-generic fade-in av-milestone-valign-baseline av-milestone-even'><h2 class='av-milestone-date ' id='milestone-16-10'><strong>16.10<span class='av-milestone-indicator'><\/span><\/strong><\/h2><article class='av-milestone-content-wrap'><div class='av-milestone-contentbox'><header class=\"entry-content-header\"><h4 class='av-milestone-title '>Comunicazions - Misuris fatis in Fri\u00fbl sul cjamp eletric inte basse atmosfere<\/h4><\/header><div class='av-milestone-content'><p>Dario Giaiotti<br \/>\nOsmer FVG<\/p>\n<\/div><\/div><footer class='av-milestone-article-footer entry-footer'><\/footer><\/article><div class=\"av-milestone-icon-wrap\"><span class='av-milestone-icon milestone_icon avia-font-entypo-fontello'><span class='av-milestone-icon-inner milestone_inner'><i class='milestone-char' aria-hidden='true' data-av_icon='\ue85e' data-av_iconfont='entypo-fontello'><\/i><\/span><\/span><\/div><h2 class='av-milestone-date ' id='milestone-16-10'><strong>16.10<span class='av-milestone-indicator'><\/span><\/strong><\/h2><\/li>\n<li  class='av-milestone av-av_timeline_item-31c2614b49766b0a0edbeb91d88c4a8e av-animated-generic fade-in av-milestone-valign-baseline av-milestone-odd'><h2 class='av-milestone-date ' id='milestone-16-30'><strong>16.30<span class='av-milestone-indicator'><\/span><\/strong><\/h2><div class=\"av-milestone-icon-wrap\"><span class='av-milestone-icon milestone_icon avia-font-entypo-fontello'><span class='av-milestone-icon-inner milestone_inner'><i class='milestone-char' aria-hidden='true' data-av_icon='\ue899' data-av_iconfont='entypo-fontello'><\/i><\/span><\/span><\/div><article class='av-milestone-content-wrap'><div class='av-milestone-contentbox'><div class='av-milestone-content'><p>Break<\/p>\n<\/div><\/div><footer class='av-milestone-article-footer entry-footer'><\/footer><\/article><\/li>\n<li  class='av-milestone av-av_timeline_item-faaf255dc5a4ca38ae33be36bdfc46e7 av-animated-generic fade-in av-milestone-valign-baseline av-milestone-even'><h2 class='av-milestone-date ' id='milestone-16-50'><strong>16.50<span class='av-milestone-indicator'><\/span><\/strong><\/h2><article class='av-milestone-content-wrap'><div class='av-milestone-contentbox'><header class=\"entry-content-header\"><h4 class='av-milestone-title '>Comunicazions - Modei matematics par implants di depurazion: primis aplicazions in Fri\u00fbl<\/h4><\/header><div class='av-milestone-content'><p>Ilaria Cimarosti, Cristiano Roselli, Daniele Goi<br \/>\nUniversit\u00e2t di Udin<\/p>\n<\/div><\/div><footer class='av-milestone-article-footer entry-footer'><\/footer><\/article><div class=\"av-milestone-icon-wrap\"><span class='av-milestone-icon milestone_icon avia-font-entypo-fontello'><span class='av-milestone-icon-inner milestone_inner'><i class='milestone-char' aria-hidden='true' data-av_icon='\ue85e' data-av_iconfont='entypo-fontello'><\/i><\/span><\/span><\/div><h2 class='av-milestone-date ' id='milestone-16-50'><strong>16.50<span class='av-milestone-indicator'><\/span><\/strong><\/h2><\/li>\n<li  class='av-milestone av-av_timeline_item-e9cea8d0b9d8f994f7665b9048b0c29a av-animated-generic fade-in av-milestone-valign-baseline av-milestone-odd'><h2 class='av-milestone-date ' id='milestone-17-10'><strong>17.10<span class='av-milestone-indicator'><\/span><\/strong><\/h2><div class=\"av-milestone-icon-wrap\"><span class='av-milestone-icon milestone_icon avia-font-entypo-fontello'><span class='av-milestone-icon-inner milestone_inner'><i class='milestone-char' aria-hidden='true' data-av_icon='\ue85e' data-av_iconfont='entypo-fontello'><\/i><\/span><\/span><\/div><article class='av-milestone-content-wrap'><div class='av-milestone-contentbox'><header class=\"entry-content-header\"><h4 class='av-milestone-title '>Comunicazions - Cem\u00fbt dopr\u00e2 fibris organichis par rinfuar\u00e7\u00e2 maltis e betons<\/h4><\/header><div class='av-milestone-content'><p>Alessandro Bachiorrini, Giovanna Foghini<br \/>\nUniversit\u00e2t di Udin<\/p>\n<\/div><\/div><footer class='av-milestone-article-footer entry-footer'><\/footer><\/article><\/li>\n<li  class='av-milestone av-av_timeline_item-8482749d8f402f037167476c63decbc6 av-animated-generic fade-in av-milestone-valign-baseline av-milestone-even'><h2 class='av-milestone-date ' id='milestone-17-30'><strong>17.30<span class='av-milestone-indicator'><\/span><\/strong><\/h2><article class='av-milestone-content-wrap'><div class='av-milestone-contentbox'><header class=\"entry-content-header\"><h4 class='av-milestone-title '>Comunicazions - La domotiche e la ergonomie al servizi dal fabric\u00e2 natur\u00e2l<\/h4><\/header><div class='av-milestone-content'><p>Alessandro Bachiorrini, Giovanna Foghini<br \/>\nUniversit\u00e2t di Udin<\/p>\n<\/div><\/div><footer class='av-milestone-article-footer entry-footer'><\/footer><\/article><div class=\"av-milestone-icon-wrap\"><span class='av-milestone-icon milestone_icon avia-font-entypo-fontello'><span class='av-milestone-icon-inner milestone_inner'><i class='milestone-char' aria-hidden='true' data-av_icon='\ue85e' data-av_iconfont='entypo-fontello'><\/i><\/span><\/span><\/div><h2 class='av-milestone-date ' id='milestone-17-30'><strong>17.30<span class='av-milestone-indicator'><\/span><\/strong><\/h2><\/li>\n<li  class='av-milestone av-av_timeline_item-5349cdbd4d4dadf47f9c2989b0dae268 av-animated-generic fade-in av-milestone-valign-baseline av-milestone-odd'><h2 class='av-milestone-date ' id='milestone-17-50'><strong>17.50<span class='av-milestone-indicator'><\/span><\/strong><\/h2><div class=\"av-milestone-icon-wrap\"><span class='av-milestone-icon milestone_icon avia-font-entypo-fontello'><span class='av-milestone-icon-inner milestone_inner'><i class='milestone-char' aria-hidden='true' data-av_icon='\ue85e' data-av_iconfont='entypo-fontello'><\/i><\/span><\/span><\/div><article class='av-milestone-content-wrap'><div class='av-milestone-contentbox'><header class=\"entry-content-header\"><h4 class='av-milestone-title '>Comunicazions - Compuartaments e m\u00fbt di vivi dai frutats de Basse furlane<\/h4><\/header><div class='av-milestone-content'><p>Silla Stel<br \/>\nASL Basse Furlane, Palme<\/p>\n<\/div><\/div><footer class='av-milestone-article-footer entry-footer'><\/footer><\/article><\/li>\n<li  class='av-milestone av-av_timeline_item-c92baa4d46b54046960020fb489a8cfa av-animated-generic fade-in av-milestone-valign-baseline av-milestone-even'><h2 class='av-milestone-date ' id='milestone-18-10'><strong>18.10<span class='av-milestone-indicator'><\/span><\/strong><\/h2><article class='av-milestone-content-wrap'><div class='av-milestone-contentbox'><header class=\"entry-content-header\"><h4 class='av-milestone-title '>Discussion<\/h4><\/header><div class='av-milestone-content'><\/div><\/div><footer class='av-milestone-article-footer entry-footer'><\/footer><\/article><div class=\"av-milestone-icon-wrap\"><span class='av-milestone-icon milestone_icon avia-font-entypo-fontello'><span class='av-milestone-icon-inner milestone_inner'><i class='milestone-char' aria-hidden='true' data-av_icon='\ue83c' data-av_iconfont='entypo-fontello'><\/i><\/span><\/span><\/div><h2 class='av-milestone-date ' id='milestone-18-10'><strong>18.10<span class='av-milestone-indicator'><\/span><\/strong><\/h2><\/li>\n<li  class='av-milestone av-ab4gz-adcd2ba26bd28d5286e94b577210af7f av-animated-generic fade-in av-milestone-valign-baseline av-milestone-odd'><h2 class='av-milestone-date ' id='milestone-19-00'><strong>19.00<span class='av-milestone-indicator'><\/span><\/strong><\/h2><div class=\"av-milestone-icon-wrap\"><span class='av-milestone-icon milestone_icon avia-font-entypo-fontello'><span class='av-milestone-icon-inner milestone_inner'><i class='milestone-char' aria-hidden='true' data-av_icon='\ue862' data-av_iconfont='entypo-fontello'><\/i><\/span><\/span><\/div><article class='av-milestone-content-wrap'><div class='av-milestone-contentbox'><header class=\"entry-content-header\"><h4 class='av-milestone-title '>Conclusion of the works<\/h4><\/header><div class='av-milestone-content'><\/div><\/div><footer class='av-milestone-article-footer entry-footer'><\/footer><\/article><\/li>\n<\/ul><\/div>\n","protected":false},"excerpt":{"rendered":"","protected":false},"author":2,"featured_media":0,"parent":0,"menu_order":0,"comment_status":"closed","ping_status":"closed","template":"","meta":{"spay_email":""},"_links":{"self":[{"href":"https:\/\/www.siencis-par-furlan.net\/en\/wp-json\/wp\/v2\/pages\/1740"}],"collection":[{"href":"https:\/\/www.siencis-par-furlan.net\/en\/wp-json\/wp\/v2\/pages"}],"about":[{"href":"https:\/\/www.siencis-par-furlan.net\/en\/wp-json\/wp\/v2\/types\/page"}],"author":[{"embeddable":true,"href":"https:\/\/www.siencis-par-furlan.net\/en\/wp-json\/wp\/v2\/users\/2"}],"replies":[{"embeddable":true,"href":"https:\/\/www.siencis-par-furlan.net\/en\/wp-json\/wp\/v2\/comments?post=1740"}],"version-history":[{"count":14,"href":"https:\/\/www.siencis-par-furlan.net\/en\/wp-json\/wp\/v2\/pages\/1740\/revisions"}],"predecessor-version":[{"id":4117,"href":"https:\/\/www.siencis-par-furlan.net\/en\/wp-json\/wp\/v2\/pages\/1740\/revisions\/4117"}],"wp:attachment":[{"href":"https:\/\/www.siencis-par-furlan.net\/en\/wp-json\/wp\/v2\/media?parent=1740"}],"curies":[{"name":"wp","href":"https:\/\/api.w.org\/{rel}","templated":true}]}}