{"id":1732,"date":"2020-12-29T14:12:04","date_gmt":"2020-12-29T13:12:04","guid":{"rendered":"https:\/\/www.siencis-par-furlan.net\/seminars\/san-giorgio-della-richinvelda-2019\/"},"modified":"2021-02-01T20:06:41","modified_gmt":"2021-02-01T19:06:41","slug":"san-giorgio-della-richinvelda-2019","status":"publish","type":"page","link":"https:\/\/www.siencis-par-furlan.net\/en\/san-giorgio-della-richinvelda-2019","title":{"rendered":"San Giorgio della Richinvelda (2019)"},"content":{"rendered":"\n<style type=\"text\/css\" data-created_by=\"avia_inline_auto\" id=\"style-css-av-av_heading-1158d036f742e9f922ffe0711f0d15a0\">\n#top .av-special-heading.av-av_heading-1158d036f742e9f922ffe0711f0d15a0{\npadding-bottom:10px;\n}\nbody .av-special-heading.av-av_heading-1158d036f742e9f922ffe0711f0d15a0 .av-special-heading-tag .heading-char{\nfont-size:25px;\n}\n.av-special-heading.av-av_heading-1158d036f742e9f922ffe0711f0d15a0 .av-subheading{\nfont-size:15px;\n}\n<\/style>\n<div  class='av-special-heading av-av_heading-1158d036f742e9f922ffe0711f0d15a0 av-special-heading-h3  avia-builder-el-0  el_before_av_textblock  avia-builder-el-first '><h3 class='av-special-heading-tag'  itemprop=\"headline\"  >18\u00b0 Congr\u00e8s anu\u00e2l<\/h3><div class=\"special-heading-border\"><div class=\"special-heading-inner-border\"><\/div><\/div><\/div>\n<section  class='av_textblock_section av-k4hr4ckg-f171ba2fd5f883b651cdeb7c2a64c611'  itemscope=\"itemscope\" itemtype=\"https:\/\/schema.org\/CreativeWork\" ><div class='avia_textblock'  itemprop=\"text\" ><p><strong>ai 30 di Novembar dal 2019<\/strong><br \/>\n<strong>Auditorium de Biblioteche, Vie Rome 7<\/strong><br \/>\n<strong>San Giorgio della Richinvelda (2019)<\/strong><\/p>\n<p><strong> <\/strong><\/p>\n<\/div><\/section>\n\n<style type=\"text\/css\" data-created_by=\"avia_inline_auto\" id=\"style-css-av-av_heading-619ca838c613b8e7b38cc13160b8526e\">\n#top .av-special-heading.av-av_heading-619ca838c613b8e7b38cc13160b8526e{\npadding-bottom:10px;\n}\nbody .av-special-heading.av-av_heading-619ca838c613b8e7b38cc13160b8526e .av-special-heading-tag .heading-char{\nfont-size:25px;\n}\n.av-special-heading.av-av_heading-619ca838c613b8e7b38cc13160b8526e .av-subheading{\nfont-size:15px;\n}\n<\/style>\n<div  class='av-special-heading av-av_heading-619ca838c613b8e7b38cc13160b8526e av-special-heading-h4  avia-builder-el-2  el_after_av_textblock  el_before_av_timeline '><h4 class='av-special-heading-tag'  itemprop=\"headline\"  >Program<\/h4><div class=\"special-heading-border\"><div class=\"special-heading-inner-border\"><\/div><\/div><\/div>\n\n<style type=\"text\/css\" data-created_by=\"avia_inline_auto\" id=\"style-css-sub-av-k4hrjjko-7b4ef507cad373bbbd32b2a21212c366\">\n.avia-timeline-container .av-milestone.av-av_timeline_item-0f813c47e5431473f133cee352909dfa .av-milestone-icon-inner{\nbackground-color:#00447b;\n}\n.avia-timeline-container .av-milestone.av-av_timeline_item-0f813c47e5431473f133cee352909dfa .av-milestone-indicator{\nbackground-color:#00447b;\n}\n.avia-timeline-container .av-milestone.av-av_timeline_item-0f813c47e5431473f133cee352909dfa .av-milestone-article-footer{\nbackground-color:#00447b;\n}\n.avia-timeline-container .av-milestone.av-lofnuv-dd75dc3b738e3c35c04a92e658fa16c5 .av-milestone-icon-inner{\nbackground-color:#00447b;\n}\n.avia-timeline-container .av-milestone.av-lofnuv-dd75dc3b738e3c35c04a92e658fa16c5 .av-milestone-indicator{\nbackground-color:#00447b;\n}\n.avia-timeline-container .av-milestone.av-lofnuv-dd75dc3b738e3c35c04a92e658fa16c5 .av-milestone-article-footer{\nbackground-color:#00447b;\n}\n.avia-timeline-container .av-milestone.av-k9yqwn-611c5a76e1e7f775edaa1466f4e448ac .av-milestone-icon-inner{\nbackground-color:#2560a2;\n}\n.avia-timeline-container .av-milestone.av-k9yqwn-611c5a76e1e7f775edaa1466f4e448ac .av-milestone-indicator{\nbackground-color:#2560a2;\n}\n.avia-timeline-container .av-milestone.av-k9yqwn-611c5a76e1e7f775edaa1466f4e448ac .av-milestone-article-footer{\nbackground-color:#2560a2;\n}\n.avia-timeline-container .av-milestone.av-jm56zr-3d48355b713f92bb891f2611fb04eb6d .av-milestone-icon-inner{\nbackground-color:#2560a2;\n}\n.avia-timeline-container .av-milestone.av-jm56zr-3d48355b713f92bb891f2611fb04eb6d .av-milestone-indicator{\nbackground-color:#2560a2;\n}\n.avia-timeline-container .av-milestone.av-jm56zr-3d48355b713f92bb891f2611fb04eb6d .av-milestone-article-footer{\nbackground-color:#2560a2;\n}\n.avia-timeline-container .av-milestone.av-i6eet3-54ffb5eb82b4e0eca4cd5897ffaaa789 .av-milestone-icon-inner{\nbackground-color:#2560a2;\n}\n.avia-timeline-container .av-milestone.av-i6eet3-54ffb5eb82b4e0eca4cd5897ffaaa789 .av-milestone-indicator{\nbackground-color:#2560a2;\n}\n.avia-timeline-container .av-milestone.av-i6eet3-54ffb5eb82b4e0eca4cd5897ffaaa789 .av-milestone-article-footer{\nbackground-color:#2560a2;\n}\n.avia-timeline-container .av-milestone.av-fj3rpz-5cffe32bdae39c68432e9ec6ffb17916 .av-milestone-icon-inner{\nbackground-color:#2560a2;\n}\n.avia-timeline-container .av-milestone.av-fj3rpz-5cffe32bdae39c68432e9ec6ffb17916 .av-milestone-indicator{\nbackground-color:#2560a2;\n}\n.avia-timeline-container .av-milestone.av-fj3rpz-5cffe32bdae39c68432e9ec6ffb17916 .av-milestone-article-footer{\nbackground-color:#2560a2;\n}\n.avia-timeline-container .av-milestone.av-dfzq1j-1b11f299040ae2c65f6cfc58c345a8d9 .av-milestone-icon-inner{\nbackground-color:#2560a2;\n}\n.avia-timeline-container .av-milestone.av-dfzq1j-1b11f299040ae2c65f6cfc58c345a8d9 .av-milestone-indicator{\nbackground-color:#2560a2;\n}\n.avia-timeline-container .av-milestone.av-dfzq1j-1b11f299040ae2c65f6cfc58c345a8d9 .av-milestone-article-footer{\nbackground-color:#2560a2;\n}\n.avia-timeline-container .av-milestone.av-cwts2v-df6d3767dc7a701657ec8e2e12ca0c52 .av-milestone-icon-inner{\nbackground-color:#2560a2;\n}\n.avia-timeline-container .av-milestone.av-cwts2v-df6d3767dc7a701657ec8e2e12ca0c52 .av-milestone-indicator{\nbackground-color:#2560a2;\n}\n.avia-timeline-container .av-milestone.av-cwts2v-df6d3767dc7a701657ec8e2e12ca0c52 .av-milestone-article-footer{\nbackground-color:#2560a2;\n}\n.avia-timeline-container .av-milestone.av-bchyjb-23910a0a492e2d57dc1adc9eb77f6ecf .av-milestone-icon-inner{\nbackground-color:#2560a2;\n}\n.avia-timeline-container .av-milestone.av-bchyjb-23910a0a492e2d57dc1adc9eb77f6ecf .av-milestone-indicator{\nbackground-color:#2560a2;\n}\n.avia-timeline-container .av-milestone.av-bchyjb-23910a0a492e2d57dc1adc9eb77f6ecf .av-milestone-article-footer{\nbackground-color:#2560a2;\n}\n.avia-timeline-container .av-milestone.av-8ng37r-64b6dafba5204fcb77c91768324106f9 .av-milestone-icon-inner{\nbackground-color:#2560a2;\n}\n.avia-timeline-container .av-milestone.av-8ng37r-64b6dafba5204fcb77c91768324106f9 .av-milestone-indicator{\nbackground-color:#2560a2;\n}\n.avia-timeline-container .av-milestone.av-8ng37r-64b6dafba5204fcb77c91768324106f9 .av-milestone-article-footer{\nbackground-color:#2560a2;\n}\n.avia-timeline-container .av-milestone.av-7rmonb-1b19af0358925fccc4892f5681b791b9 .av-milestone-icon-inner{\nbackground-color:#2560a2;\n}\n.avia-timeline-container .av-milestone.av-7rmonb-1b19af0358925fccc4892f5681b791b9 .av-milestone-indicator{\nbackground-color:#2560a2;\n}\n.avia-timeline-container .av-milestone.av-7rmonb-1b19af0358925fccc4892f5681b791b9 .av-milestone-article-footer{\nbackground-color:#2560a2;\n}\n.avia-timeline-container .av-milestone.av-jom7r-b43a5a1ee2596f4cb546e633a03d490e .av-milestone-icon-inner{\nbackground-color:#2560a2;\n}\n.avia-timeline-container .av-milestone.av-jom7r-b43a5a1ee2596f4cb546e633a03d490e .av-milestone-indicator{\nbackground-color:#2560a2;\n}\n.avia-timeline-container .av-milestone.av-jom7r-b43a5a1ee2596f4cb546e633a03d490e .av-milestone-article-footer{\nbackground-color:#2560a2;\n}\n.avia-timeline-container .av-milestone.av-4ks61z-c3ddfd6f23306c4ed2a583a5400c19d3 .av-milestone-icon-inner{\nbackground-color:#b02b2c;\n}\n.avia-timeline-container .av-milestone.av-4ks61z-c3ddfd6f23306c4ed2a583a5400c19d3 .av-milestone-indicator{\nbackground-color:#b02b2c;\n}\n.avia-timeline-container .av-milestone.av-4ks61z-c3ddfd6f23306c4ed2a583a5400c19d3 .av-milestone-article-footer{\nbackground-color:#b02b2c;\n}\n.avia-timeline-container .av-milestone.av-2tr08n-3c43db5580d2f04abfefe4e908811e08 .av-milestone-icon-inner{\nbackground-color:#2560a2;\n}\n.avia-timeline-container .av-milestone.av-2tr08n-3c43db5580d2f04abfefe4e908811e08 .av-milestone-indicator{\nbackground-color:#2560a2;\n}\n.avia-timeline-container .av-milestone.av-2tr08n-3c43db5580d2f04abfefe4e908811e08 .av-milestone-article-footer{\nbackground-color:#2560a2;\n}\n<\/style>\n<div  id=\"avia-timeline-1\"  class='avia-timeline-container av-k4hrjjko-7b4ef507cad373bbbd32b2a21212c366  avia-builder-el-3  el_after_av_heading  avia-builder-el-last ' ><ul class='avia-timeline avia-timeline-vertical av-milestone-placement-alternate avia-timeline- avia_animate_when_almost_visible avia-timeline-animate'>\n<li  class='av-milestone av-av_timeline_item-0f813c47e5431473f133cee352909dfa av-animated-generic fade-in av-milestone-valign-baseline av-milestone-odd'><h2 class='av-milestone-date ' id='milestone-14-30'><strong>14.30<span class='av-milestone-indicator'><\/span><\/strong><\/h2><div class=\"av-milestone-icon-wrap\"><span class='av-milestone-icon milestone_icon avia-font-entypo-fontello'><span class='av-milestone-icon-inner milestone_inner'><i class='milestone-char' aria-hidden='true' data-av_icon='\ue862' data-av_iconfont='entypo-fontello'><\/i><\/span><\/span><\/div><article class='av-milestone-content-wrap'><div class='av-milestone-contentbox'><header class=\"entry-content-header\"><h4 class='av-milestone-title '>Greeting from the authorities - Presentation of the congress<\/h4><\/header><div class='av-milestone-content'><\/div><\/div><footer class='av-milestone-article-footer entry-footer'><\/footer><\/article><\/li>\n<li  class='av-milestone av-lofnuv-dd75dc3b738e3c35c04a92e658fa16c5 av-animated-generic fade-in av-milestone-valign-baseline av-milestone-even'><h2 class='av-milestone-date ' id='milestone-14-50'><strong>14.50<span class='av-milestone-indicator'><\/span><\/strong><\/h2><article class='av-milestone-content-wrap'><div class='av-milestone-contentbox'><header class=\"entry-content-header\"><h4 class='av-milestone-title '>Lectio magistralis - Cualit\u00e2t dai aliments tipics: un m\u00fbt sientific par valoriz\u00e2 lis produzions<\/h4><\/header><div class='av-milestone-content'><p>Marco Poiana<br \/>\nUniversit\u00e2t di Reggio Calabria<\/p>\n<\/div><\/div><footer class='av-milestone-article-footer entry-footer'><\/footer><\/article><div class=\"av-milestone-icon-wrap\"><span class='av-milestone-icon milestone_icon avia-font-entypo-fontello'><span class='av-milestone-icon-inner milestone_inner'><i class='milestone-char' aria-hidden='true' data-av_icon='\ue8c9' data-av_iconfont='entypo-fontello'><\/i><\/span><\/span><\/div><h2 class='av-milestone-date ' id='milestone-14-50'><strong>14.50<span class='av-milestone-indicator'><\/span><\/strong><\/h2><\/li>\n<li  class='av-milestone av-k9yqwn-611c5a76e1e7f775edaa1466f4e448ac av-animated-generic fade-in av-milestone-valign-baseline av-milestone-odd'><h2 class='av-milestone-date ' id='milestone-15-30'><strong>15.30<span class='av-milestone-indicator'><\/span><\/strong><\/h2><div class=\"av-milestone-icon-wrap\"><span class='av-milestone-icon milestone_icon avia-font-entypo-fontello'><span class='av-milestone-icon-inner milestone_inner'><i class='milestone-char' aria-hidden='true' data-av_icon='\ue85e' data-av_iconfont='entypo-fontello'><\/i><\/span><\/span><\/div><article class='av-milestone-content-wrap'><div class='av-milestone-contentbox'><header class=\"entry-content-header\"><h4 class='av-milestone-title '>Comunicazions - Un \u201csburton\u201d par ripi\u00e2si de contrazion grivie dal capit\u00e2l teritori\u00e2l furlan<\/h4><\/header><div class='av-milestone-content'><p>Sandro Fabbro<br \/>\nUniversity of Udine<\/p>\n<\/div><\/div><footer class='av-milestone-article-footer entry-footer'><\/footer><\/article><\/li>\n<li  class='av-milestone av-jm56zr-3d48355b713f92bb891f2611fb04eb6d av-animated-generic fade-in av-milestone-valign-baseline av-milestone-even'><h2 class='av-milestone-date ' id='milestone-15-50'><strong>15.50<span class='av-milestone-indicator'><\/span><\/strong><\/h2><article class='av-milestone-content-wrap'><div class='av-milestone-contentbox'><header class=\"entry-content-header\"><h4 class='av-milestone-title '>Comunicazions - Lis dinamichis climatichis studiadis cun modei numerics a ogjets<\/h4><\/header><div class='av-milestone-content'><p>Enrico Maiero<br \/>\nUniversit\u00e2t di Triest<\/p>\n<\/div><\/div><footer class='av-milestone-article-footer entry-footer'><\/footer><\/article><div class=\"av-milestone-icon-wrap\"><span class='av-milestone-icon milestone_icon avia-font-entypo-fontello'><span class='av-milestone-icon-inner milestone_inner'><i class='milestone-char' aria-hidden='true' data-av_icon='\ue85e' data-av_iconfont='entypo-fontello'><\/i><\/span><\/span><\/div><h2 class='av-milestone-date ' id='milestone-15-50'><strong>15.50<span class='av-milestone-indicator'><\/span><\/strong><\/h2><\/li>\n<li  class='av-milestone av-i6eet3-54ffb5eb82b4e0eca4cd5897ffaaa789 av-animated-generic fade-in av-milestone-valign-baseline av-milestone-odd'><h2 class='av-milestone-date ' id='milestone-16-10'><strong>16.10<span class='av-milestone-indicator'><\/span><\/strong><\/h2><div class=\"av-milestone-icon-wrap\"><span class='av-milestone-icon milestone_icon avia-font-entypo-fontello'><span class='av-milestone-icon-inner milestone_inner'><i class='milestone-char' aria-hidden='true' data-av_icon='\ue85e' data-av_iconfont='entypo-fontello'><\/i><\/span><\/span><\/div><article class='av-milestone-content-wrap'><div class='av-milestone-contentbox'><header class=\"entry-content-header\"><h4 class='av-milestone-title '>Comunicazions - Si puedial stim\u00e2 ce impats che a varan i cambiaments climatics glob\u00e2i sul Fri\u00fbl? Un studi esplorat\u00eef<\/h4><\/header><div class='av-milestone-content'><p>Dario B. Giaiotti<br \/>\nUniversit\u00e2t di Triest e ARPA FVJ<\/p>\n<p>Elena Gianesini,<br \/>\nValentina Gallina,<br \/>\nFulvio Stel,<br \/>\nARPA FVJ<\/p>\n<p>Michele Zuppichin<br \/>\nUniversit\u00e2t di Triest<\/p>\n<p>Francesco Danuso<br \/>\nUniversit\u00e2t di Udin<\/p>\n<\/div><\/div><footer class='av-milestone-article-footer entry-footer'><\/footer><\/article><\/li>\n<li  class='av-milestone av-fj3rpz-5cffe32bdae39c68432e9ec6ffb17916 av-animated-generic fade-in av-milestone-valign-baseline av-milestone-even'><h2 class='av-milestone-date ' id='milestone-16-30'><strong>16.30<span class='av-milestone-indicator'><\/span><\/strong><\/h2><article class='av-milestone-content-wrap'><div class='av-milestone-contentbox'><header class=\"entry-content-header\"><h4 class='av-milestone-title '>Comunicazions - La Vie d\u2019Olee. Scandai archeologjic e toponomastic sul percors di colegament tra la vie dal \u00abNoricum\u00bb o \u00abJulia Augusta\u00bb e la Postumie\/Stradalte<\/h4><\/header><div class='av-milestone-content'><p>Lorenzo Marcolini<br \/>\nAssociazion Storiche Cultur\u00e2l \u201cStradalte\u201d di Gon\u00e2rs<\/p>\n<\/div><\/div><footer class='av-milestone-article-footer entry-footer'><\/footer><\/article><div class=\"av-milestone-icon-wrap\"><span class='av-milestone-icon milestone_icon avia-font-entypo-fontello'><span class='av-milestone-icon-inner milestone_inner'><i class='milestone-char' aria-hidden='true' data-av_icon='\ue85e' data-av_iconfont='entypo-fontello'><\/i><\/span><\/span><\/div><h2 class='av-milestone-date ' id='milestone-16-30'><strong>16.30<span class='av-milestone-indicator'><\/span><\/strong><\/h2><\/li>\n<li  class='av-milestone av-dfzq1j-1b11f299040ae2c65f6cfc58c345a8d9 av-animated-generic fade-in av-milestone-valign-baseline av-milestone-odd'><h2 class='av-milestone-date ' id='milestone-16-50'><strong>16.50<span class='av-milestone-indicator'><\/span><\/strong><\/h2><div class=\"av-milestone-icon-wrap\"><span class='av-milestone-icon milestone_icon avia-font-entypo-fontello'><span class='av-milestone-icon-inner milestone_inner'><i class='milestone-char' aria-hidden='true' data-av_icon='\ue85e' data-av_iconfont='entypo-fontello'><\/i><\/span><\/span><\/div><article class='av-milestone-content-wrap'><div class='av-milestone-contentbox'><header class=\"entry-content-header\"><h4 class='av-milestone-title '>Comunicazions - Rivial il ragn a sint\u00ee la posizion de s\u00f4 prede?<\/h4><\/header><div class='av-milestone-content'><p>Antonino Morassi<br \/>\nUniversity of Udine<\/p>\n<\/div><\/div><footer class='av-milestone-article-footer entry-footer'><\/footer><\/article><\/li>\n<li  class='av-milestone av-cwts2v-df6d3767dc7a701657ec8e2e12ca0c52 av-animated-generic fade-in av-milestone-valign-baseline av-milestone-even'><h2 class='av-milestone-date ' id='milestone-17-10'><strong>17.10<span class='av-milestone-indicator'><\/span><\/strong><\/h2><article class='av-milestone-content-wrap'><div class='av-milestone-contentbox'><div class='av-milestone-content'><p>Break<\/p>\n<\/div><\/div><footer class='av-milestone-article-footer entry-footer'><\/footer><\/article><div class=\"av-milestone-icon-wrap\"><span class='av-milestone-icon milestone_icon avia-font-entypo-fontello'><span class='av-milestone-icon-inner milestone_inner'><i class='milestone-char' aria-hidden='true' data-av_icon='\ue899' data-av_iconfont='entypo-fontello'><\/i><\/span><\/span><\/div><h2 class='av-milestone-date ' id='milestone-17-10'><strong>17.10<span class='av-milestone-indicator'><\/span><\/strong><\/h2><\/li>\n<li  class='av-milestone av-bchyjb-23910a0a492e2d57dc1adc9eb77f6ecf av-animated-generic fade-in av-milestone-valign-baseline av-milestone-odd'><h2 class='av-milestone-date ' id='milestone-17-30'><strong>17.30<span class='av-milestone-indicator'><\/span><\/strong><\/h2><div class=\"av-milestone-icon-wrap\"><span class='av-milestone-icon milestone_icon avia-font-entypo-fontello'><span class='av-milestone-icon-inner milestone_inner'><i class='milestone-char' aria-hidden='true' data-av_icon='\ue85e' data-av_iconfont='entypo-fontello'><\/i><\/span><\/span><\/div><article class='av-milestone-content-wrap'><div class='av-milestone-contentbox'><header class=\"entry-content-header\"><h4 class='av-milestone-title '>Comunicazions - La v\u00eet e la aghe: un rapuart interessant<\/h4><\/header><div class='av-milestone-content'><p>Enrico Peterlunger<br \/>\nUniversity of Udine<\/p>\n<\/div><\/div><footer class='av-milestone-article-footer entry-footer'><\/footer><\/article><\/li>\n<li  class='av-milestone av-8ng37r-64b6dafba5204fcb77c91768324106f9 av-animated-generic fade-in av-milestone-valign-baseline av-milestone-even'><h2 class='av-milestone-date ' id='milestone-17-50'><strong>17.50<span class='av-milestone-indicator'><\/span><\/strong><\/h2><article class='av-milestone-content-wrap'><div class='av-milestone-contentbox'><header class=\"entry-content-header\"><h4 class='av-milestone-title '>Comunicazions - Valutazion dal potenzi\u00e2l metanigjen de digjestion anaerobiche di residuis inglere\u00e2ts di fanerogamis marinis: il c\u00e2s di studi di Grau<\/h4><\/header><div class='av-milestone-content'><p>Gloria Misson,<br \/>\nMatia Mainardis;<br \/>\nGuido Incerti,<br \/>\nDaniele Goi,<br \/>\nAlessandro Peressotti,<br \/>\nUniversity of Udine<\/p>\n<\/div><\/div><footer class='av-milestone-article-footer entry-footer'><\/footer><\/article><div class=\"av-milestone-icon-wrap\"><span class='av-milestone-icon milestone_icon avia-font-entypo-fontello'><span class='av-milestone-icon-inner milestone_inner'><i class='milestone-char' aria-hidden='true' data-av_icon='\ue85e' data-av_iconfont='entypo-fontello'><\/i><\/span><\/span><\/div><h2 class='av-milestone-date ' id='milestone-17-50'><strong>17.50<span class='av-milestone-indicator'><\/span><\/strong><\/h2><\/li>\n<li  class='av-milestone av-7rmonb-1b19af0358925fccc4892f5681b791b9 av-animated-generic fade-in av-milestone-valign-baseline av-milestone-odd'><h2 class='av-milestone-date ' id='milestone-18-10'><strong>18.10<span class='av-milestone-indicator'><\/span><\/strong><\/h2><div class=\"av-milestone-icon-wrap\"><span class='av-milestone-icon milestone_icon avia-font-entypo-fontello'><span class='av-milestone-icon-inner milestone_inner'><i class='milestone-char' aria-hidden='true' data-av_icon='\ue85e' data-av_iconfont='entypo-fontello'><\/i><\/span><\/span><\/div><article class='av-milestone-content-wrap'><div class='av-milestone-contentbox'><header class=\"entry-content-header\"><h4 class='av-milestone-title '>Comunicazions - La valorizzazion dai prodots de marine par mie\u00e7 dal \u00fbs de lenghe furlane<\/h4><\/header><div class='av-milestone-content'><p>Rodolfo Ballestrazzi,<br \/>\nFederico Nassivera,<br \/>\nUniversity of Udine<\/p>\n<\/div><\/div><footer class='av-milestone-article-footer entry-footer'><\/footer><\/article><\/li>\n<li  class='av-milestone av-jom7r-b43a5a1ee2596f4cb546e633a03d490e av-animated-generic fade-in av-milestone-valign-baseline av-milestone-even'><h2 class='av-milestone-date ' id='milestone-18-30'><strong>18.30<span class='av-milestone-indicator'><\/span><\/strong><\/h2><article class='av-milestone-content-wrap'><div class='av-milestone-contentbox'><header class=\"entry-content-header\"><h4 class='av-milestone-title '>Comunicazions - Analisi dai puartons des corts dal Fri\u00fbl di Mie\u00e7<\/h4><\/header><div class='av-milestone-content'><p>Rino Gubiani,<br \/>\nMaurizia Sigura,<br \/>\nAnna Frangipane,<br \/>\nUniversity of Udine<\/p>\n<\/div><\/div><footer class='av-milestone-article-footer entry-footer'><\/footer><\/article><div class=\"av-milestone-icon-wrap\"><span class='av-milestone-icon milestone_icon avia-font-entypo-fontello'><span class='av-milestone-icon-inner milestone_inner'><i class='milestone-char' aria-hidden='true' data-av_icon='\ue85e' data-av_iconfont='entypo-fontello'><\/i><\/span><\/span><\/div><h2 class='av-milestone-date ' id='milestone-18-30'><strong>18.30<span class='av-milestone-indicator'><\/span><\/strong><\/h2><\/li>\n<li  class='av-milestone av-4ks61z-c3ddfd6f23306c4ed2a583a5400c19d3 av-animated-generic fade-in av-milestone-valign-baseline av-milestone-odd'><h2 class='av-milestone-date ' id='milestone-18-50'><strong>18.50<span class='av-milestone-indicator'><\/span><\/strong><\/h2><div class=\"av-milestone-icon-wrap\"><span class='av-milestone-icon milestone_icon avia-font-entypo-fontello'><span class='av-milestone-icon-inner milestone_inner'><i class='milestone-char' aria-hidden='true' data-av_icon='\ue862' data-av_iconfont='entypo-fontello'><\/i><\/span><\/span><\/div><article class='av-milestone-content-wrap'><div class='av-milestone-contentbox'><header class=\"entry-content-header\"><h4 class='av-milestone-title '>Conclusion of the works<\/h4><\/header><div class='av-milestone-content'><\/div><\/div><footer class='av-milestone-article-footer entry-footer'><\/footer><\/article><\/li>\n<li  class='av-milestone av-2tr08n-3c43db5580d2f04abfefe4e908811e08 av-animated-generic fade-in av-milestone-valign-baseline av-milestone-even'><h2 class='av-milestone-date ' id='milestone-19-50'><strong>19.50<span class='av-milestone-indicator'><\/span><\/strong><\/h2><article class='av-milestone-content-wrap'><div class='av-milestone-contentbox'><header class=\"entry-content-header\"><h4 class='av-milestone-title '>Cene Soci\u00e2l<\/h4><\/header><div class='av-milestone-content'><\/div><\/div><footer class='av-milestone-article-footer entry-footer'><\/footer><\/article><div class=\"av-milestone-icon-wrap\"><span class='av-milestone-icon milestone_icon avia-font-entypo-fontello'><span class='av-milestone-icon-inner milestone_inner'><i class='milestone-char' aria-hidden='true' data-av_icon='\ue80b' data-av_iconfont='entypo-fontello'><\/i><\/span><\/span><\/div><h2 class='av-milestone-date ' id='milestone-19-50'><strong>19.50<span class='av-milestone-indicator'><\/span><\/strong><\/h2><\/li>\n<\/ul><\/div>\n","protected":false},"excerpt":{"rendered":"","protected":false},"author":2,"featured_media":0,"parent":0,"menu_order":0,"comment_status":"closed","ping_status":"closed","template":"","meta":{"spay_email":""},"_links":{"self":[{"href":"https:\/\/www.siencis-par-furlan.net\/en\/wp-json\/wp\/v2\/pages\/1732"}],"collection":[{"href":"https:\/\/www.siencis-par-furlan.net\/en\/wp-json\/wp\/v2\/pages"}],"about":[{"href":"https:\/\/www.siencis-par-furlan.net\/en\/wp-json\/wp\/v2\/types\/page"}],"author":[{"embeddable":true,"href":"https:\/\/www.siencis-par-furlan.net\/en\/wp-json\/wp\/v2\/users\/2"}],"replies":[{"embeddable":true,"href":"https:\/\/www.siencis-par-furlan.net\/en\/wp-json\/wp\/v2\/comments?post=1732"}],"version-history":[{"count":11,"href":"https:\/\/www.siencis-par-furlan.net\/en\/wp-json\/wp\/v2\/pages\/1732\/revisions"}],"predecessor-version":[{"id":2072,"href":"https:\/\/www.siencis-par-furlan.net\/en\/wp-json\/wp\/v2\/pages\/1732\/revisions\/2072"}],"wp:attachment":[{"href":"https:\/\/www.siencis-par-furlan.net\/en\/wp-json\/wp\/v2\/media?parent=1732"}],"curies":[{"name":"wp","href":"https:\/\/api.w.org\/{rel}","templated":true}]}}