{"id":1668,"date":"2020-12-28T22:17:15","date_gmt":"2020-12-28T21:17:15","guid":{"rendered":"https:\/\/www.siencis-par-furlan.net\/seminars\/aquileia-2006\/"},"modified":"2021-02-01T20:01:04","modified_gmt":"2021-02-01T19:01:04","slug":"aquileia-2006","status":"publish","type":"page","link":"https:\/\/www.siencis-par-furlan.net\/en\/aquileia-2006","title":{"rendered":"Aquileia (2006)"},"content":{"rendered":"\n<style type=\"text\/css\" data-created_by=\"avia_inline_auto\" id=\"style-css-av-av_heading-4c8c13472eb8ff8b91598e824c12066c\">\n#top .av-special-heading.av-av_heading-4c8c13472eb8ff8b91598e824c12066c{\npadding-bottom:10px;\n}\nbody .av-special-heading.av-av_heading-4c8c13472eb8ff8b91598e824c12066c .av-special-heading-tag .heading-char{\nfont-size:25px;\n}\n.av-special-heading.av-av_heading-4c8c13472eb8ff8b91598e824c12066c .av-subheading{\nfont-size:15px;\n}\n<\/style>\n<div  class='av-special-heading av-av_heading-4c8c13472eb8ff8b91598e824c12066c av-special-heading-h3  avia-builder-el-0  el_before_av_textblock  avia-builder-el-first '><h3 class='av-special-heading-tag'  itemprop=\"headline\"  >5\u00b0 Congr\u00e8s anu\u00e2l<\/h3><div class=\"special-heading-border\"><div class=\"special-heading-inner-border\"><\/div><\/div><\/div>\n<section  class='av_textblock_section av-k4hr4ckg-f171ba2fd5f883b651cdeb7c2a64c611'  itemscope=\"itemscope\" itemtype=\"https:\/\/schema.org\/CreativeWork\" ><div class='avia_textblock'  itemprop=\"text\" ><p><strong>ai 18 di Novembar dal 2006<br \/>\nSale dal Municipi<br \/>\nAquilee<\/strong><\/p>\n<\/div><\/section>\n\n<style type=\"text\/css\" data-created_by=\"avia_inline_auto\" id=\"style-css-av-av_heading-619ca838c613b8e7b38cc13160b8526e\">\n#top .av-special-heading.av-av_heading-619ca838c613b8e7b38cc13160b8526e{\npadding-bottom:10px;\n}\nbody .av-special-heading.av-av_heading-619ca838c613b8e7b38cc13160b8526e .av-special-heading-tag .heading-char{\nfont-size:25px;\n}\n.av-special-heading.av-av_heading-619ca838c613b8e7b38cc13160b8526e .av-subheading{\nfont-size:15px;\n}\n<\/style>\n<div  class='av-special-heading av-av_heading-619ca838c613b8e7b38cc13160b8526e av-special-heading-h4  avia-builder-el-2  el_after_av_textblock  el_before_av_timeline '><h4 class='av-special-heading-tag'  itemprop=\"headline\"  >Program<\/h4><div class=\"special-heading-border\"><div class=\"special-heading-inner-border\"><\/div><\/div><\/div>\n\n<style type=\"text\/css\" data-created_by=\"avia_inline_auto\" id=\"style-css-sub-av-k4hrjjko-7b4ef507cad373bbbd32b2a21212c366\">\n.avia-timeline-container .av-milestone.av-24ow3v-f0ee6c7b67c3abc32646d65a166e9a51 .av-milestone-icon-inner{\nbackground-color:#00447b;\n}\n.avia-timeline-container .av-milestone.av-24ow3v-f0ee6c7b67c3abc32646d65a166e9a51 .av-milestone-indicator{\nbackground-color:#00447b;\n}\n.avia-timeline-container .av-milestone.av-24ow3v-f0ee6c7b67c3abc32646d65a166e9a51 .av-milestone-article-footer{\nbackground-color:#00447b;\n}\n.avia-timeline-container .av-milestone.av-jf3mvj-1f43a9d29f8be0528be77e5e0790b383 .av-milestone-icon-inner{\nbackground-color:#00447b;\n}\n.avia-timeline-container .av-milestone.av-jf3mvj-1f43a9d29f8be0528be77e5e0790b383 .av-milestone-indicator{\nbackground-color:#00447b;\n}\n.avia-timeline-container .av-milestone.av-jf3mvj-1f43a9d29f8be0528be77e5e0790b383 .av-milestone-article-footer{\nbackground-color:#00447b;\n}\n.avia-timeline-container .av-milestone.av-gsen3z-b0d83fbc79e28c1e3cbbb6b4b2c40876 .av-milestone-icon-inner{\nbackground-color:#2560a2;\n}\n.avia-timeline-container .av-milestone.av-gsen3z-b0d83fbc79e28c1e3cbbb6b4b2c40876 .av-milestone-indicator{\nbackground-color:#2560a2;\n}\n.avia-timeline-container .av-milestone.av-gsen3z-b0d83fbc79e28c1e3cbbb6b4b2c40876 .av-milestone-article-footer{\nbackground-color:#2560a2;\n}\n.avia-timeline-container .av-milestone.av-f3jhxr-c14595f1e974aae2d82057acb14dbcde .av-milestone-icon-inner{\nbackground-color:#2560a2;\n}\n.avia-timeline-container .av-milestone.av-f3jhxr-c14595f1e974aae2d82057acb14dbcde .av-milestone-indicator{\nbackground-color:#2560a2;\n}\n.avia-timeline-container .av-milestone.av-f3jhxr-c14595f1e974aae2d82057acb14dbcde .av-milestone-article-footer{\nbackground-color:#2560a2;\n}\n.avia-timeline-container .av-milestone.av-ecyhrz-383be41543780b55a952b5439418fc8d .av-milestone-icon-inner{\nbackground-color:#2560a2;\n}\n.avia-timeline-container .av-milestone.av-ecyhrz-383be41543780b55a952b5439418fc8d .av-milestone-indicator{\nbackground-color:#2560a2;\n}\n.avia-timeline-container .av-milestone.av-ecyhrz-383be41543780b55a952b5439418fc8d .av-milestone-article-footer{\nbackground-color:#2560a2;\n}\n.avia-timeline-container .av-milestone.av-c49efz-5f141f5415e636e3dcb61b7085a80dec .av-milestone-icon-inner{\nbackground-color:#2560a2;\n}\n.avia-timeline-container .av-milestone.av-c49efz-5f141f5415e636e3dcb61b7085a80dec .av-milestone-indicator{\nbackground-color:#2560a2;\n}\n.avia-timeline-container .av-milestone.av-c49efz-5f141f5415e636e3dcb61b7085a80dec .av-milestone-article-footer{\nbackground-color:#2560a2;\n}\n.avia-timeline-container .av-milestone.av-13a7f3-ba2f93ac1dad2e27272e0afef4843db2 .av-milestone-icon-inner{\nbackground-color:#2560a2;\n}\n.avia-timeline-container .av-milestone.av-13a7f3-ba2f93ac1dad2e27272e0afef4843db2 .av-milestone-indicator{\nbackground-color:#2560a2;\n}\n.avia-timeline-container .av-milestone.av-13a7f3-ba2f93ac1dad2e27272e0afef4843db2 .av-milestone-article-footer{\nbackground-color:#2560a2;\n}\n.avia-timeline-container .av-milestone.av-9mj5v3-0b39243760eff7003988124ca855b311 .av-milestone-icon-inner{\nbackground-color:#2560a2;\n}\n.avia-timeline-container .av-milestone.av-9mj5v3-0b39243760eff7003988124ca855b311 .av-milestone-indicator{\nbackground-color:#2560a2;\n}\n.avia-timeline-container .av-milestone.av-9mj5v3-0b39243760eff7003988124ca855b311 .av-milestone-article-footer{\nbackground-color:#2560a2;\n}\n.avia-timeline-container .av-milestone.av-av_timeline_item-ffeafcb79dd2425ba05df65c345af6a2 .av-milestone-icon-inner{\nbackground-color:#2560a2;\n}\n.avia-timeline-container .av-milestone.av-av_timeline_item-ffeafcb79dd2425ba05df65c345af6a2 .av-milestone-indicator{\nbackground-color:#2560a2;\n}\n.avia-timeline-container .av-milestone.av-av_timeline_item-ffeafcb79dd2425ba05df65c345af6a2 .av-milestone-article-footer{\nbackground-color:#2560a2;\n}\n.avia-timeline-container .av-milestone.av-6133in-a1cb6f220b1251691281c6aed43ebe75 .av-milestone-icon-inner{\nbackground-color:#2560a2;\n}\n.avia-timeline-container .av-milestone.av-6133in-a1cb6f220b1251691281c6aed43ebe75 .av-milestone-indicator{\nbackground-color:#2560a2;\n}\n.avia-timeline-container .av-milestone.av-6133in-a1cb6f220b1251691281c6aed43ebe75 .av-milestone-article-footer{\nbackground-color:#2560a2;\n}\n.avia-timeline-container .av-milestone.av-48l7jz-e46897563985c1da0a79967140886a24 .av-milestone-icon-inner{\nbackground-color:#2560a2;\n}\n.avia-timeline-container .av-milestone.av-48l7jz-e46897563985c1da0a79967140886a24 .av-milestone-indicator{\nbackground-color:#2560a2;\n}\n.avia-timeline-container .av-milestone.av-48l7jz-e46897563985c1da0a79967140886a24 .av-milestone-article-footer{\nbackground-color:#2560a2;\n}\n.avia-timeline-container .av-milestone.av-av_timeline_item-ffbe55560024ecfa9009d81e601388f6 .av-milestone-icon-inner{\nbackground-color:#2560a2;\n}\n.avia-timeline-container .av-milestone.av-av_timeline_item-ffbe55560024ecfa9009d81e601388f6 .av-milestone-indicator{\nbackground-color:#2560a2;\n}\n.avia-timeline-container .av-milestone.av-av_timeline_item-ffbe55560024ecfa9009d81e601388f6 .av-milestone-article-footer{\nbackground-color:#2560a2;\n}\n.avia-timeline-container .av-milestone.av-ab4gz-adcd2ba26bd28d5286e94b577210af7f .av-milestone-icon-inner{\nbackground-color:#b02b2c;\n}\n.avia-timeline-container .av-milestone.av-ab4gz-adcd2ba26bd28d5286e94b577210af7f .av-milestone-indicator{\nbackground-color:#b02b2c;\n}\n.avia-timeline-container .av-milestone.av-ab4gz-adcd2ba26bd28d5286e94b577210af7f .av-milestone-article-footer{\nbackground-color:#b02b2c;\n}\n<\/style>\n<div  id=\"avia-timeline-1\"  class='avia-timeline-container av-k4hrjjko-7b4ef507cad373bbbd32b2a21212c366  avia-builder-el-3  el_after_av_heading  avia-builder-el-last ' ><ul class='avia-timeline avia-timeline-vertical av-milestone-placement-alternate avia-timeline- avia_animate_when_almost_visible avia-timeline-animate'>\n<li  class='av-milestone av-24ow3v-f0ee6c7b67c3abc32646d65a166e9a51 av-animated-generic fade-in av-milestone-valign-baseline av-milestone-odd'><h2 class='av-milestone-date ' id='milestone-14-30'><strong>14.30<span class='av-milestone-indicator'><\/span><\/strong><\/h2><div class=\"av-milestone-icon-wrap\"><span class='av-milestone-icon milestone_icon avia-font-entypo-fontello'><span class='av-milestone-icon-inner milestone_inner'><i class='milestone-char' aria-hidden='true' data-av_icon='\ue862' data-av_iconfont='entypo-fontello'><\/i><\/span><\/span><\/div><article class='av-milestone-content-wrap'><div class='av-milestone-contentbox'><header class=\"entry-content-header\"><h4 class='av-milestone-title '>Greeting from the authorities - Presentation of the congress<\/h4><\/header><div class='av-milestone-content'><p>Marzio Strassoldo<br \/>\nPresident of SSTeF<\/p>\n<\/div><\/div><footer class='av-milestone-article-footer entry-footer'><\/footer><\/article><\/li>\n<li  class='av-milestone av-jf3mvj-1f43a9d29f8be0528be77e5e0790b383 av-animated-generic fade-in av-milestone-valign-baseline av-milestone-even'><h2 class='av-milestone-date ' id='milestone-14-50'><strong>14.50<span class='av-milestone-indicator'><\/span><\/strong><\/h2><article class='av-milestone-content-wrap'><div class='av-milestone-contentbox'><header class=\"entry-content-header\"><h4 class='av-milestone-title '>Lectio magistralis - Pass\u00e2t e avign\u00ee de ricercje cardiologjiche<\/h4><\/header><div class='av-milestone-content'><p>Attilio Maseri<br \/>\nUniversit\u00e2t \u201cVita-Salute San Raffaele\u201d, Milan<\/p>\n<\/div><\/div><footer class='av-milestone-article-footer entry-footer'><\/footer><\/article><div class=\"av-milestone-icon-wrap\"><span class='av-milestone-icon milestone_icon avia-font-entypo-fontello'><span class='av-milestone-icon-inner milestone_inner'><i class='milestone-char' aria-hidden='true' data-av_icon='\ue8c9' data-av_iconfont='entypo-fontello'><\/i><\/span><\/span><\/div><h2 class='av-milestone-date ' id='milestone-14-50'><strong>14.50<span class='av-milestone-indicator'><\/span><\/strong><\/h2><\/li>\n<li  class='av-milestone av-gsen3z-b0d83fbc79e28c1e3cbbb6b4b2c40876 av-animated-generic fade-in av-milestone-valign-baseline av-milestone-odd'><h2 class='av-milestone-date ' id='milestone-15-50'><strong>15.50<span class='av-milestone-indicator'><\/span><\/strong><\/h2><div class=\"av-milestone-icon-wrap\"><span class='av-milestone-icon milestone_icon avia-font-entypo-fontello'><span class='av-milestone-icon-inner milestone_inner'><i class='milestone-char' aria-hidden='true' data-av_icon='\ue85e' data-av_iconfont='entypo-fontello'><\/i><\/span><\/span><\/div><article class='av-milestone-content-wrap'><div class='av-milestone-contentbox'><header class=\"entry-content-header\"><h4 class='av-milestone-title '>Comunicazions - Lis termis romanis e la basiliche patriarc\u00e2l di Aquilee studiadis mediant lis modernis tecnichis di rilevament e di rapresentazion<\/h4><\/header><div class='av-milestone-content'><p>Domenico Visentini<br \/>\nUniversit\u00e2t di Udin<\/p>\n<\/div><\/div><footer class='av-milestone-article-footer entry-footer'><\/footer><\/article><\/li>\n<li  class='av-milestone av-f3jhxr-c14595f1e974aae2d82057acb14dbcde av-animated-generic fade-in av-milestone-valign-baseline av-milestone-even'><h2 class='av-milestone-date ' id='milestone-16-10'><strong>16.10<span class='av-milestone-indicator'><\/span><\/strong><\/h2><article class='av-milestone-content-wrap'><div class='av-milestone-contentbox'><header class=\"entry-content-header\"><h4 class='av-milestone-title '>Comunicazions - Gnovis tecnichis pal studi di struturis sutilis<\/h4><\/header><div class='av-milestone-content'><p>Antonino Morassi, Roberto Paroni<br \/>\nUniversit\u00e2t di Udin<\/p>\n<\/div><\/div><footer class='av-milestone-article-footer entry-footer'><\/footer><\/article><div class=\"av-milestone-icon-wrap\"><span class='av-milestone-icon milestone_icon avia-font-entypo-fontello'><span class='av-milestone-icon-inner milestone_inner'><i class='milestone-char' aria-hidden='true' data-av_icon='\ue85e' data-av_iconfont='entypo-fontello'><\/i><\/span><\/span><\/div><h2 class='av-milestone-date ' id='milestone-16-10'><strong>16.10<span class='av-milestone-indicator'><\/span><\/strong><\/h2><\/li>\n<li  class='av-milestone av-ecyhrz-383be41543780b55a952b5439418fc8d av-animated-generic fade-in av-milestone-valign-baseline av-milestone-odd'><h2 class='av-milestone-date ' id='milestone-16-30'><strong>16.30<span class='av-milestone-indicator'><\/span><\/strong><\/h2><div class=\"av-milestone-icon-wrap\"><span class='av-milestone-icon milestone_icon avia-font-entypo-fontello'><span class='av-milestone-icon-inner milestone_inner'><i class='milestone-char' aria-hidden='true' data-av_icon='\ue85e' data-av_iconfont='entypo-fontello'><\/i><\/span><\/span><\/div><article class='av-milestone-content-wrap'><div class='av-milestone-contentbox'><header class=\"entry-content-header\"><h4 class='av-milestone-title '>Comunicazions - Zeis di imprescj pe educazion sientifiche<\/h4><\/header><div class='av-milestone-content'><p>Alessandra Mossenta<br \/>\nURD, Universit\u00e2t di Udin<\/p>\n<\/div><\/div><footer class='av-milestone-article-footer entry-footer'><\/footer><\/article><\/li>\n<li  class='av-milestone av-c49efz-5f141f5415e636e3dcb61b7085a80dec av-animated-generic fade-in av-milestone-valign-baseline av-milestone-even'><h2 class='av-milestone-date ' id='milestone-16-50'><strong>16.50<span class='av-milestone-indicator'><\/span><\/strong><\/h2><article class='av-milestone-content-wrap'><div class='av-milestone-contentbox'><div class='av-milestone-content'><p>Break<\/p>\n<\/div><\/div><footer class='av-milestone-article-footer entry-footer'><\/footer><\/article><div class=\"av-milestone-icon-wrap\"><span class='av-milestone-icon milestone_icon avia-font-entypo-fontello'><span class='av-milestone-icon-inner milestone_inner'><i class='milestone-char' aria-hidden='true' data-av_icon='\ue899' data-av_iconfont='entypo-fontello'><\/i><\/span><\/span><\/div><h2 class='av-milestone-date ' id='milestone-16-50'><strong>16.50<span class='av-milestone-indicator'><\/span><\/strong><\/h2><\/li>\n<li  class='av-milestone av-13a7f3-ba2f93ac1dad2e27272e0afef4843db2 av-animated-generic fade-in av-milestone-valign-baseline av-milestone-odd'><h2 class='av-milestone-date ' id='milestone-17-10'><strong>17.10<span class='av-milestone-indicator'><\/span><\/strong><\/h2><div class=\"av-milestone-icon-wrap\"><span class='av-milestone-icon milestone_icon avia-font-entypo-fontello'><span class='av-milestone-icon-inner milestone_inner'><i class='milestone-char' aria-hidden='true' data-av_icon='\ue85e' data-av_iconfont='entypo-fontello'><\/i><\/span><\/span><\/div><article class='av-milestone-content-wrap'><div class='av-milestone-contentbox'><header class=\"entry-content-header\"><h4 class='av-milestone-title '>Comunicazions - Doi scrits di Einstein (1905, 1906) su la cuantizazion de radiazion e l\u2019efiet fotovoltaic. Une analisi storiche critiche e un lav\u00f4r plurileng\u00e2l<\/h4><\/header><div class='av-milestone-content'><p>Lorenzo Marcolini<br \/>\nITI \u201cA. Malignani\u201d, Udin<\/p>\n<\/div><\/div><footer class='av-milestone-article-footer entry-footer'><\/footer><\/article><\/li>\n<li  class='av-milestone av-9mj5v3-0b39243760eff7003988124ca855b311 av-animated-generic fade-in av-milestone-valign-baseline av-milestone-even'><h2 class='av-milestone-date ' id='milestone-17-30'><strong>17.30<span class='av-milestone-indicator'><\/span><\/strong><\/h2><article class='av-milestone-content-wrap'><div class='av-milestone-contentbox'><header class=\"entry-content-header\"><h4 class='av-milestone-title '>Comunicazions - Catalizad\u00f4rs SCR modific\u00e2ts cun tieris raris par aplicazion tai mot\u00f4rs diesel<\/h4><\/header><div class='av-milestone-content'><p>Marzia Casanova, Alessandro Trovarelli<br \/>\nUniversit\u00e2t di Udin<br \/>\nKarl Schermanz<br \/>\nTreibacher Industrie Althofen<br \/>\nIrene Begsteiger<br \/>\nPorzellanfabrik Frauenthal<\/p>\n<\/div><\/div><footer class='av-milestone-article-footer entry-footer'><\/footer><\/article><div class=\"av-milestone-icon-wrap\"><span class='av-milestone-icon milestone_icon avia-font-entypo-fontello'><span class='av-milestone-icon-inner milestone_inner'><i class='milestone-char' aria-hidden='true' data-av_icon='\ue85e' data-av_iconfont='entypo-fontello'><\/i><\/span><\/span><\/div><h2 class='av-milestone-date ' id='milestone-17-30'><strong>17.30<span class='av-milestone-indicator'><\/span><\/strong><\/h2><\/li>\n<li  class='av-milestone av-av_timeline_item-ffeafcb79dd2425ba05df65c345af6a2 av-animated-generic fade-in av-milestone-valign-baseline av-milestone-odd'><h2 class='av-milestone-date ' id='milestone-17-50'><strong>17.50<span class='av-milestone-indicator'><\/span><\/strong><\/h2><div class=\"av-milestone-icon-wrap\"><span class='av-milestone-icon milestone_icon avia-font-entypo-fontello'><span class='av-milestone-icon-inner milestone_inner'><i class='milestone-char' aria-hidden='true' data-av_icon='\ue85e' data-av_iconfont='entypo-fontello'><\/i><\/span><\/span><\/div><article class='av-milestone-content-wrap'><div class='av-milestone-contentbox'><header class=\"entry-content-header\"><h4 class='av-milestone-title '>Comunicazions - Primis misuris di competence lenghistiche in furlan<\/h4><\/header><div class='av-milestone-content'><p>Manola Roman\u00f2, Alessandra Burelli<br \/>\nUniversit\u00e2t di Udin<\/p>\n<\/div><\/div><footer class='av-milestone-article-footer entry-footer'><\/footer><\/article><\/li>\n<li  class='av-milestone av-6133in-a1cb6f220b1251691281c6aed43ebe75 av-animated-generic fade-in av-milestone-valign-baseline av-milestone-even'><h2 class='av-milestone-date ' id='milestone-18-10'><strong>18.10<span class='av-milestone-indicator'><\/span><\/strong><\/h2><article class='av-milestone-content-wrap'><div class='av-milestone-contentbox'><header class=\"entry-content-header\"><h4 class='av-milestone-title '>Comunicazions - La version inzornade dal COF<\/h4><\/header><div class='av-milestone-content'><p>Gianluca Franco<br \/>\nUniversit\u00e2t di Udin<\/p>\n<\/div><\/div><footer class='av-milestone-article-footer entry-footer'><\/footer><\/article><div class=\"av-milestone-icon-wrap\"><span class='av-milestone-icon milestone_icon avia-font-entypo-fontello'><span class='av-milestone-icon-inner milestone_inner'><i class='milestone-char' aria-hidden='true' data-av_icon='\ue85e' data-av_iconfont='entypo-fontello'><\/i><\/span><\/span><\/div><h2 class='av-milestone-date ' id='milestone-18-10'><strong>18.10<span class='av-milestone-indicator'><\/span><\/strong><\/h2><\/li>\n<li  class='av-milestone av-48l7jz-e46897563985c1da0a79967140886a24 av-animated-generic fade-in av-milestone-valign-baseline av-milestone-odd'><h2 class='av-milestone-date ' id='milestone-18-20'><strong>18.20<span class='av-milestone-indicator'><\/span><\/strong><\/h2><div class=\"av-milestone-icon-wrap\"><span class='av-milestone-icon milestone_icon avia-font-entypo-fontello'><span class='av-milestone-icon-inner milestone_inner'><i class='milestone-char' aria-hidden='true' data-av_icon='\ue85e' data-av_iconfont='entypo-fontello'><\/i><\/span><\/span><\/div><article class='av-milestone-content-wrap'><div class='av-milestone-contentbox'><header class=\"entry-content-header\"><h4 class='av-milestone-title '>Comunicazions - La lenghe furlane par i miedis<\/h4><\/header><div class='av-milestone-content'><p>Dario Marin<br \/>\nIstit\u00fbt di Medisine fisiche e Riabilitazion, Udin<\/p>\n<\/div><\/div><footer class='av-milestone-article-footer entry-footer'><\/footer><\/article><\/li>\n<li  class='av-milestone av-av_timeline_item-ffbe55560024ecfa9009d81e601388f6 av-animated-generic fade-in av-milestone-valign-baseline av-milestone-even'><h2 class='av-milestone-date ' id='milestone-18-30'><strong>18.30<span class='av-milestone-indicator'><\/span><\/strong><\/h2><article class='av-milestone-content-wrap'><div class='av-milestone-contentbox'><header class=\"entry-content-header\"><h4 class='av-milestone-title '>Discussion<\/h4><\/header><div class='av-milestone-content'><\/div><\/div><footer class='av-milestone-article-footer entry-footer'><\/footer><\/article><div class=\"av-milestone-icon-wrap\"><span class='av-milestone-icon milestone_icon avia-font-entypo-fontello'><span class='av-milestone-icon-inner milestone_inner'><i class='milestone-char' aria-hidden='true' data-av_icon='\ue83c' data-av_iconfont='entypo-fontello'><\/i><\/span><\/span><\/div><h2 class='av-milestone-date ' id='milestone-18-30'><strong>18.30<span class='av-milestone-indicator'><\/span><\/strong><\/h2><\/li>\n<li  class='av-milestone av-ab4gz-adcd2ba26bd28d5286e94b577210af7f av-animated-generic fade-in av-milestone-valign-baseline av-milestone-odd'><h2 class='av-milestone-date ' id='milestone-19-00'><strong>19.00<span class='av-milestone-indicator'><\/span><\/strong><\/h2><div class=\"av-milestone-icon-wrap\"><span class='av-milestone-icon milestone_icon avia-font-entypo-fontello'><span class='av-milestone-icon-inner milestone_inner'><i class='milestone-char' aria-hidden='true' data-av_icon='\ue862' data-av_iconfont='entypo-fontello'><\/i><\/span><\/span><\/div><article class='av-milestone-content-wrap'><div class='av-milestone-contentbox'><header class=\"entry-content-header\"><h4 class='av-milestone-title '>Conclusion of the works<\/h4><\/header><div class='av-milestone-content'><\/div><\/div><footer class='av-milestone-article-footer entry-footer'><\/footer><\/article><\/li>\n<\/ul><\/div>\n","protected":false},"excerpt":{"rendered":"","protected":false},"author":2,"featured_media":0,"parent":0,"menu_order":0,"comment_status":"closed","ping_status":"closed","template":"","meta":{"spay_email":""},"_links":{"self":[{"href":"https:\/\/www.siencis-par-furlan.net\/en\/wp-json\/wp\/v2\/pages\/1668"}],"collection":[{"href":"https:\/\/www.siencis-par-furlan.net\/en\/wp-json\/wp\/v2\/pages"}],"about":[{"href":"https:\/\/www.siencis-par-furlan.net\/en\/wp-json\/wp\/v2\/types\/page"}],"author":[{"embeddable":true,"href":"https:\/\/www.siencis-par-furlan.net\/en\/wp-json\/wp\/v2\/users\/2"}],"replies":[{"embeddable":true,"href":"https:\/\/www.siencis-par-furlan.net\/en\/wp-json\/wp\/v2\/comments?post=1668"}],"version-history":[{"count":12,"href":"https:\/\/www.siencis-par-furlan.net\/en\/wp-json\/wp\/v2\/pages\/1668\/revisions"}],"predecessor-version":[{"id":2009,"href":"https:\/\/www.siencis-par-furlan.net\/en\/wp-json\/wp\/v2\/pages\/1668\/revisions\/2009"}],"wp:attachment":[{"href":"https:\/\/www.siencis-par-furlan.net\/en\/wp-json\/wp\/v2\/media?parent=1668"}],"curies":[{"name":"wp","href":"https:\/\/api.w.org\/{rel}","templated":true}]}}