{"id":1638,"date":"2020-12-28T22:01:54","date_gmt":"2020-12-28T21:01:54","guid":{"rendered":"https:\/\/www.siencis-par-furlan.net\/societat-sientifiche-e-tecnologjiche-furlane\/statut\/"},"modified":"2021-02-01T19:52:53","modified_gmt":"2021-02-01T18:52:53","slug":"statute","status":"publish","type":"page","link":"https:\/\/www.siencis-par-furlan.net\/en\/sstef\/statute","title":{"rendered":"Statute"},"content":{"rendered":"<section  class='av_textblock_section av-k4k3jiwu-85fe636a9afa6ff0a2be40be00b4dcce'  itemscope=\"itemscope\" itemtype=\"https:\/\/schema.org\/CreativeWork\" ><div class='avia_textblock'  itemprop=\"text\" ><div class=\"wp-block-column\">\n<h3 class=\"has-text-align-center\">Titul I<\/h3>\n<h4 class=\"has-text-align-center\">FINALIT\u00c2TS<\/h4>\n<p><strong>ART. 1<\/strong>\u00a0\u2013 La\u00a0<strong><em>Societ\u00e2t Sientifiche e Tecnologjiche Furlane<\/em><\/strong>\u00a0(SSTeF) si costituis a Udin il 17 di Zen\u00e2r 2001 e e \u00e0 la s\u00f4 direzion leg\u00e2l a Udin. Lis s\u00f4s finalit\u00e2ts a son ch\u00eas di promovi e incressi la ricercje, la cognossince e la divulgazion sientifiche e tecnologjiche doprant la lenghe furlane. Lis ativit\u00e2ts di ricercje e di divulgazion sientifiche a son metudis in vore prin di dut in Fri\u00fbl, ma a vegnin sostignudis ancje ativit\u00e2ts at\u00f4r pal mont.<\/p>\n<p><strong>ART. 2<\/strong>\u00a0\u2013 Par puart\u00e2 indenant lis s\u00f4s finalit\u00e2ts la Societ\u00e2t:<\/p>\n<ul>\n<li>e organize une volte al an il Congr\u00e8s de SSTeF indul\u00e0 che i associ\u00e2ts di dutis lis dissiplinis a presentin i lav\u00f4rs (lav\u00f4rs origjin\u00e2i op\u00fbr revisions de leterature sientifiche di alte divulgazion) in lenghe furlane;<\/li>\n<li>e fonde e sosten un gjorn\u00e2l sientific in lenghe furlane indul\u00e0 che i associ\u00e2ts a publichin une part dai lav\u00f4rs present\u00e2ts al Congr\u00e8s de SSTeF e lav\u00f4rs di divulgazion \u2019su lis dissiplinis sientifichis e tecnologjichis plui avanzadis. Ducj i articui a vegnin met\u00fbs a disposizion ancje \u2019su internet in version bileng\u00e2l furlan-ingl\u00eas;<\/li>\n<li>e sosten dutis lis iniziativis che \u00e0n a ce f\u00e2 cu la informatizazion de lenghe furlane, come par esempli: i) coret\u00f4rs automatics des peraulis e de gramatiche furlane; ii) sistemis di sintesi voc\u00e2l in lenghe furlane (<em>text-to speech<\/em>); iii) sistemis di ricognossiment automatic de lenghe furlane (<em>speech processing<\/em>); iv) sistemis pal insegnament informatiz\u00e2t de lenghe furlane;<\/li>\n<li>e puarte indenant iniziativis par studi\u00e2, difindi e promovi la biodiversit\u00e2t in Fri\u00fbl;<\/li>\n<li>e sosten la publicazion di libris sientifichis par furlan e la traduzion par ingl\u00eas se la opare lu merete;<\/li>\n<li>e met a disposizion borsis di studi par ricercjad\u00f4rs che si impegnin a public\u00e2 i ri\u2019sult\u00e2ts des ricercjis ancje par furlan;<\/li>\n<li>e ten rapuarts cun lis istituzions e lis aziendis che in Fri\u00fbl a lavorin inte ricercje sientifiche e tecnologjiche cu la finalit\u00e2t di f\u00e2 cognossi lis ativit\u00e2ts e i ri\u2019sult\u00e2ts intune sezion particul\u00e2r dal gjorn\u00e2l sientific de Societ\u00e2t;<\/li>\n<li>e dopre ducj i struments bogns par puart\u00e2 indenant lis finalit\u00e2ts nomenadis intal art. 1.<\/li>\n<\/ul>\n<h3 class=\"has-text-align-center\">Titul II<\/h3>\n<h4 class=\"has-text-align-center\">ASSOCI\u00c2TS<\/h4>\n<p><strong>ART. 3<\/strong>\u00a0\u2013 La\u00a0<em>Societ\u00e2t Sientifiche e Tecnologjiche Furlane<\/em>\u00a0e \u00e0 come associ\u00e2ts:<\/p>\n<ul>\n<li>Associ\u00e2ts fondat\u00f4rs;<\/li>\n<li>Associ\u00e2ts ordenariis;<\/li>\n<li>Associ\u00e2ts benemerits.<\/li>\n<\/ul>\n<p>Lis tassis di associazion a vegnin stabilidis ogni an dal Comit\u00e2t Diret\u00eef.<\/p>\n<p>Par devent\u00e2 associ\u00e2t ordenari bi\u2019sugne jessi present\u00e2t di altris doi associ\u00e2ts fondat\u00f4rs o ordenariis. I associ\u00e2ts a \u00e0n di lavor\u00e2 o v\u00ea lavor\u00e2t in dissiplinis che a doprin la matematiche, in dissiplinis che a doprin il metodi speriment\u00e2l o plui in gjener\u00e2l il metodi sientific, op\u00fbr inte aplicazion tecnologjiche des cognossincis o in set\u00f4rs di divulgazion sientifiche. A nivel pratic a vegnin consideradis dissiplinis sientifichis i argoments public\u00e2ts inte riviste internazion\u00e2l\u00a0<em>Scientific American.<\/em><\/p>\n<p>I associ\u00e2ts benemerits a vegnin nomen\u00e2ts de Assemblee Gjener\u00e2l da\u00fbr propueste dal Comit\u00e2t Diret\u00eef; chescj associ\u00e2ts no an bi\u2019sugne di pai\u00e2 lis tassis di associazion.<\/p>\n<p><strong>ART. 4<\/strong>\u00a0\u2013 I associ\u00e2ts fondat\u00f4rs, ordenaris e benemerits a puedin vot\u00e2 intes Assembleis.<\/p>\n<p><strong>ART. 5<\/strong>\u00a0\u2013 La cualit\u00e2t di associ\u00e2t si le piert cu lis dimissions (par letare racomandade al President) o par cancelazion (associ\u00e2ts che no pain lis tassis di associazion) o par espulsion (cuant che a vegnin documentadis ativit\u00e2ts o compuartaments contraris a la SSTEF o par condanis une vore gravis).<\/p>\n<h3 class=\"has-text-align-center\">Titul III<\/h3>\n<h4 class=\"has-text-align-center\">STRUTURIS SOCI\u00c2LS<\/h4>\n<p><strong>ART. 6<\/strong>\u00a0\u2013 Lis struturis de\u00a0<em>Societ\u00e2t Sientifiche e Tecnologjiche Furlane<\/em>\u00a0a son:<\/p>\n<ul>\n<li>la Assemblee Gjener\u00e2l;<\/li>\n<li>il Comit\u00e2t Diret\u00eef;<\/li>\n<li>l\u2019Ufici di Presidence;<\/li>\n<li>il President;<\/li>\n<li>il Consei dai Revis\u00f4rs dai Conts;<\/li>\n<li>il Consei dai Probivirs.<\/li>\n<\/ul>\n<h5 class=\"has-text-align-center\">Assemblee Gjener\u00e2l<\/h5>\n<p><strong>ART. 7<\/strong>\u00a0\u2013 La Assemblee Gjener\u00e2l Regol\u00e2r e \u00e0 di riun\u00eesi entri i prins tre m\u00eas di ogni an. La date de riunion le stabil\u00ecs il President che al vise ogni associ\u00e2t almancul cuindis d\u00ees prime de date stabilide pe riunion.<\/p>\n<p>A fasin part de Assemblee i associ\u00e2ts fondat\u00f4rs e i associ\u00e2ts ordenariis che a \u00e0n pai\u00e2t lis tassis di associazion e i associ\u00e2ts benemerits.<\/p>\n<p>La Assemblee si le considere valide inte prime convocazion se a son presints almancul la met\u00e2t plui un di ducj i associ\u00e2ts; in seconde convocazion la Assemblee e je valide cun cualsiasei numar di associ\u00e2ts.<\/p>\n<p>Ae Assemblee i tocje di aprov\u00e2 il plan des spesis dal an pass\u00e2t, lis strategj\u00ees di incressite de Societ\u00e2t, la relazion finanziarie e il plan di spesis pal an cu ven; di nomen\u00e2 par elezion i associ\u00e2ts dal Comit\u00e2t Diret\u00eef; di nomen\u00e2 par elezion i associ\u00e2ts Revis\u00f4rs dai Conts e i associ\u00e2ts Probivirs.<\/p>\n<p>Cu la maiorance assolude dai associ\u00e2ts presints si puedin f\u00e2 modifichis dal Stat\u00fbt a pat che inte Assemblee Gjener\u00e2l a sedin presints almancul un tier\u00e7 dai associ\u00e2ts.<\/p>\n<p>Ogni associ\u00e2t al pues deleg\u00e2 un altri associ\u00e2t a vot\u00e2 par lui inte Assemblee. Ogni associ\u00e2t al pues v\u00ea massime une deleghe scrite.<\/p>\n<p><strong>ART. 8<\/strong>\u00a0\u2013 La Assemblee Gjener\u00e2l Straordenarie le clame il President o di s\u00f4 volont\u00e2t, o da\u00fbr domande dal Comit\u00e2t Diret\u00eef, o da\u00fbr domande scrite e motivade di almancul un diesim dai associ\u00e2ts iscrits, o dai associ\u00e2ts Revis\u00f4rs dai Conts par mot\u00eefs di contabilit\u00e2t. La Assembee Straordenarie e \u00e0 di tign\u00eesi jenfri un m\u00eas des domandis di convocazion.<\/p>\n<p>Par cheste forme di Assemblee a valin lis regulis de Assemblee Gjener\u00e2l Regol\u00e2r.<\/p>\n<h5 class=\"has-text-align-center\">Comit\u00e2t Diret\u00eef<\/h5>\n<p><strong>ART. 9<\/strong>\u00a0\u2013 Il Comit\u00e2t Diret\u00eef \u2019tal \u00e8 fat di d\u00ees associ\u00e2ts. S\u00ees associ\u00e2ts a \u00e0n di rapresent\u00e2 i princip\u00e2i set\u00f4rs sientifics dissiplin\u00e2rs:<\/p>\n<ul>\n<li>siencis esatis (matematiche, informatiche, fisiche, statistiche e v.i.);<\/li>\n<li>siencis de nature (chimiche, biologjie, gjeologjie, psicologjie e v.i.);<\/li>\n<li>siencis de sal\u00fbt (medisine, vitrinarie, farmacie e v.i.);<\/li>\n<li>siencis tecnologjichis (inzegnirie, tecnologjiis agroaliment\u00e2rs, architeture e v.i.);<\/li>\n<\/ul>\n<\/div>\n<div class=\"wp-block-column\">\n<ul>\n<li>siencis economichis, soci\u00e2ls e umanis indul\u00e0 che si dopre il metodi sientific (economie teoriche, economie aziend\u00e2l, economie di imprese, sociologjie, lenghistiche, antropologjie, archeologjie, siencis gjuridichis e v.i.);<\/li>\n<li>gjornalisim sientific.<\/li>\n<\/ul>\n<p>Inte prime riunion (che e \u00e0 di sei fate jenfri un m\u00eas des elezions) dentri dal Comit\u00e2t a son nomen\u00e2ts par elezion:<\/p>\n<ul>\n<li>il President;<\/li>\n<li>il Vice President.<\/li>\n<\/ul>\n<p>Il President intal z\u00eer di d\u00f4s setemanis al nomene:<\/p>\n<ul>\n<li>il Segretari,<\/li>\n<li>il Tesor\u00eer.<\/li>\n<\/ul>\n<p>sielzintju fra i associ\u00e2ts iscrits in regule.<\/p>\n<p>Il Comit\u00e2t Diret\u00eef al prepare il plan di svilup de Societ\u00e2t; al nomene i associ\u00e2ts benemerits; al d\u00e0 compits particol\u00e2rs ai associ\u00e2ts par puart\u00e2 indenant lis finalit\u00e2ts de Societ\u00e2t (art. 2); al delibere la espulsion dai associ\u00e2ts (da\u00fbr l\u2019art. 5) e al puarte indenant dutis lis cuistions che \u00e0n a ce f\u00e2 cu la ativit\u00e2t regol\u00e2r de Societ\u00e2t.<\/p>\n<p>Il Comit\u00e2t Diret\u00eef \u2019tal \u00e8 convoc\u00e2t dal President almancul tr\u00ea voltis al an in riunions regol\u00e2rs; al pues po riun\u00eesi in riunions straordenariis cuant che plui di un tier\u00e7 dai siei components lu domandin par scrit e motivantlu. Il Comit\u00e2t Diret\u00eef al pues domand\u00e2 une riunion de Assemblee Gjener\u00e2l Straordenarie se inte riunion a son presints plui de met\u00e2t dai components dal Comit\u00e2t.<\/p>\n<h5 class=\"has-text-align-center\">Ufici di Presidence<\/h5>\n<p><strong>ART. 10<\/strong>\u00a0\u2013 L\u2019Ufici di Presidence lu fasin adun il President, il Vice President, il Segretari e il Tesor\u00eer. L\u2019Ufici al lavore pai inter\u00e8s de Societ\u00e2t; al puarte indenant la organizazion e la aministrazion e al coordene lis diviersis ativit\u00e2ts; al prepare lis propuestis di present\u00e2 al Comit\u00e2t Diret\u00eef; al scancele, da\u00fbr l\u2019art. 5, i associ\u00e2ts che no pain lis tassis di associazion.<\/p>\n<p>Si riun\u00ecs ogni volte che il President lu cr\u00f4t ben.<\/p>\n<h5 class=\"has-text-align-center\">President<\/h5>\n<p><strong>ART. 11<\/strong>\u00a0\u2013 Il President \u2019tal \u00e8 il rapresentant leg\u00e2l de Societ\u00e2t; al controle cem\u00fbt che a stan lant indenant lis voris; al riun\u00ecs la Assemblee, il Comit\u00e2t Diret\u00eef e l\u2019Ufici di Presidence; al f\u00e2s part\u00ee lis iniziativis proviodudis dal art. 2; al d\u00e2 esecuzion a lis deliberis, al met la firme \u2019sui verb\u00e2i, \u2019sui scrits e \u2019su lis iniziativis de Societ\u00e2t; al controle che al sei osserv\u00e2t il Stat\u00fbt; \u2019tal \u00e8 il responsabil gjener\u00e2l des publicazions, des variis ativit\u00e2ts e de situazion finanziarie, al autorize lis operazions economichis; al presente la relazion mor\u00e2l e finanziarie e lis strategjiis di incressite de Societ\u00e2t; al pues riun\u00ee di s\u00f4 volont\u00e2t la Assemblee Gjener\u00e2l Straordenarie.<\/p>\n<p>La\u00a0<em>Societ\u00e2t Sientifiche e Tecnologjiche Furlane<\/em>\u00a0e je rapresentade dal so President.<\/p>\n<h5 class=\"has-text-align-center\">Segretari<\/h5>\n<p><strong>ART. 12<\/strong>\u00a0\u2013 Il Segretari al scr\u00eef e al ten orden\u00e2ts i verb\u00e2i des riunions des Assembleis, dal Comit\u00e2t Diret\u00eef e dal Ufici di Presidence. Al sta da\u00fbr a v\u00ea inzornadis lis informazions che a rivuardin i associ\u00e2ts e la biblioteche; al ten cont dal archivi soci\u00e2l.<\/p>\n<h5 class=\"has-text-align-center\">Tesor\u00eer<\/h5>\n<p><strong>ART. 13<\/strong>\u00a0\u2013 Il Tesor\u00eer al coordene la contabilit\u00e2t, al tire s\u00f9 lis tassis di associazion e i credits, al cjape in cont i finanziaments e al provi\u00f4t dai paiaments, al prepare ogni an il belan\u00e7 (cont con\u2019sunt\u00eef e belan\u00e7 prevent\u00eef).<\/p>\n<h5 class=\"has-text-align-center\">Consei dai Revis\u00f4rs<\/h5>\n<p><strong>ART. 14<\/strong>\u00a0\u2013 Il Consei dai Revis\u00f4rs dai Conts \u2019tal \u00e8 fat di tr\u00ea associ\u00e2ts efet\u00eefs e doi \u2019suplents che a vegnin nomen\u00e2ts par elezion de Assemblee Gjener\u00e2l e al \u00e0 i compits stabil\u00eets intal art. 2403 dal Codi\u00e7 Civ\u00eel dal St\u00e2t italian.<br \/>\nIl Consei al nomene par elezion intal so interni il President. Par resons impuartantis di contabilit\u00e2t al pues riun\u00ee la Assemblee Gjener\u00e2l Regol\u00e2r.<\/p>\n<h5 class=\"has-text-align-center\">Consei dai Probivirs<\/h5>\n<p><strong>ART. 15<\/strong>\u00a0\u2013 Il Consei dai Probivirs \u2019tal \u00e8 fat di cinc associ\u00e2ts nomen\u00e2ts par elezion de Assemblee Gjener\u00e2l Regol\u00e2r. Il Consei al dec\u00eet in maniere definitive, dopo domande scrite, de espulsion di un associ\u00e2t decidude dal Comit\u00e2t diret\u00eef. Al furn\u00ecs la s\u00f4 opinion, cuant che almancul un diesim dai associ\u00e2ts le domande, a rivuart di pussibilis violazions dal Stat\u00fbt fatis da lis struturis di direzion de Associazion.<\/p>\n<p>Il Consei al ven riun\u00eet e direz\u00fbt dal associ\u00e2t plui vecjo. L\u2019associ\u00e2t plui zovin al f\u00e2s di segretari e al ten i verb\u00e2i des riunions.<\/p>\n<p><strong>ART. 16<\/strong>\u00a0\u2013 Dutis lis incarghis soci\u00e2ls a durin par doi agns e no son paiadis. Lis elezions pes incarghis a son fatis cun schede segrete.<\/p>\n<p><strong>ART. 17<\/strong>\u00a0\u2013 La ativit\u00e2t de\u00a0<em>Societ\u00e2t Sientifiche e Tecnologjiche Furlane<\/em>\u00a0si davuel\u00e7 par furlan. Dut c\u00e2s chest nol v\u00fbl d\u00ee che nol puedi cjap\u00e2 part ae SSTeF ancje cui che il furlan no lu fevele.<\/p>\n<h3 class=\"has-text-align-center\">Titul IV<\/h3>\n<h4 class=\"has-text-align-center\">PATRIMONI E AMINISTRAZION<\/h4>\n<p><strong>ART. 18<\/strong>\u00a0\u2013 L\u2019esercizi finanziari al v\u00e0 dal 1 di zen\u00e2r al 31 di dicembar.<\/p>\n<p><strong>ART. 19<\/strong>\u00a0\u2013 La Societ\u00e2t e pues jessi parone di propriet\u00e2ts mobilis o imobilis. Lis publicazions de SSTeF a son patrimoni de Societ\u00e2t. Dut ce che \u2019tal \u00e8 st\u00e2t public\u00e2t par furlan par opare de Societ\u00e2t al pues jessi liberamentri public\u00e2t par altris lenghis nomenant la edizion furlane dal lav\u00f4r.<\/p>\n<h3 class=\"has-text-align-center\">Titul V<\/h3>\n<h4 class=\"has-text-align-center\">DISPOSIZIONS GJENER\u00c2LS E FIN\u00c2LS<\/h4>\n<p><strong>ART. 20<\/strong>\u00a0\u2013 Il funzionament interni de\u00a0<em>Societ\u00e2t Sientifiche e Tecnologjiche Furlane<\/em>\u00a0\u2019tal \u00e8 orden\u00e2t cuntun prec\u00ees regolament aprov\u00e2t de Assemblee Gjener\u00e2l.<\/p>\n<p><strong>ART. 21<\/strong>\u00a0\u2013 Par sier\u00e2 la Societ\u00e2t la Assemblee Gjener\u00e2l e \u00e0 di deliber\u00e2 come che \u2019tal \u00e8 stabil\u00eet intal art. 21 dal Cod\u00eec Civ\u00eel italian.<\/p>\n<p><strong>ART. 22<\/strong>\u00a0\u2013 Par dut ce che nol \u00e8 st\u00e2t nomen\u00e2t in chest Stat\u00fbt a valin lis normis de le\u00e7 italiane.<\/p>\n<p><strong>ART. 23<\/strong>\u00a0\u2013 Par dutis lis cuestions che no si rivin a disberde\u00e2 amichevolmentri al dec\u00eet il Tribun\u00e2l di Udin.<\/p>\n<\/div>\n<\/div><\/section>\n","protected":false},"excerpt":{"rendered":"","protected":false},"author":2,"featured_media":0,"parent":1912,"menu_order":3,"comment_status":"closed","ping_status":"closed","template":"","meta":{"spay_email":""},"_links":{"self":[{"href":"https:\/\/www.siencis-par-furlan.net\/en\/wp-json\/wp\/v2\/pages\/1638"}],"collection":[{"href":"https:\/\/www.siencis-par-furlan.net\/en\/wp-json\/wp\/v2\/pages"}],"about":[{"href":"https:\/\/www.siencis-par-furlan.net\/en\/wp-json\/wp\/v2\/types\/page"}],"author":[{"embeddable":true,"href":"https:\/\/www.siencis-par-furlan.net\/en\/wp-json\/wp\/v2\/users\/2"}],"replies":[{"embeddable":true,"href":"https:\/\/www.siencis-par-furlan.net\/en\/wp-json\/wp\/v2\/comments?post=1638"}],"version-history":[{"count":4,"href":"https:\/\/www.siencis-par-furlan.net\/en\/wp-json\/wp\/v2\/pages\/1638\/revisions"}],"predecessor-version":[{"id":2002,"href":"https:\/\/www.siencis-par-furlan.net\/en\/wp-json\/wp\/v2\/pages\/1638\/revisions\/2002"}],"up":[{"embeddable":true,"href":"https:\/\/www.siencis-par-furlan.net\/en\/wp-json\/wp\/v2\/pages\/1912"}],"wp:attachment":[{"href":"https:\/\/www.siencis-par-furlan.net\/en\/wp-json\/wp\/v2\/media?parent=1638"}],"curies":[{"name":"wp","href":"https:\/\/api.w.org\/{rel}","templated":true}]}}