{"id":1620,"date":"2020-12-28T21:50:01","date_gmt":"2020-12-28T20:50:01","guid":{"rendered":"https:\/\/www.siencis-par-furlan.net\/societat-sientifiche-e-tecnologjiche-furlane\/coretor-ortografic-furlan\/"},"modified":"2021-02-01T19:49:14","modified_gmt":"2021-02-01T18:49:14","slug":"friulian-spell-checker","status":"publish","type":"page","link":"https:\/\/www.siencis-par-furlan.net\/en\/resources\/friulian-spell-checker","title":{"rendered":"Friulian spell checker"},"content":{"rendered":"<section  class='av_textblock_section av-iyrlk-292db8e7bd6325d80bf609846864f382'  itemscope=\"itemscope\" itemtype=\"https:\/\/schema.org\/CreativeWork\" ><div class='avia_textblock'  itemprop=\"text\" ><p>Tai prins agns 2000 la SSTeF e \u00e0 pront\u00e2t un coret\u00f4r ortografic.<\/p>\n<p>Il coret\u00f4r ortografic de SSTeF al verifiche che lis peraulis di un test a sedin scritis in maniere corete secont la grafie ufici\u00e2l e il dizionari di riferiment. Se une peraule scrite nol \u00e8 tal dizionari il coret\u00f4r al \u00e0 di sugjer\u00ee ch\u00eas peraulis coretes che secont lui a podaressin corispuindi a la peraule falade.<\/p>\n<p>Par cjat\u00e2 i sugjeriments il Coret\u00f4r Ortografic Furlan (COF) de Societ\u00e2t Sientifiche e Tecnologjiche Furlane al dopre il mot\u00f4r <a href=\"http:\/\/aspell.sourceforge.net\">Aspell<\/a> che al furn\u00ecs ch\u00eas peraulis che par solit si pronunzin in maniere simil a la peraule falade.<\/p>\n<p>Il COF (te so version atu\u00e2l <strong>2.0<\/strong>) al funzione come estension di <strong>Microsoft Word 2003<\/strong> e <strong>Microsoft Word 2007<\/strong> sui sistemis operat\u00eefs <strong>Microsoft XP<\/strong> e <strong>Microsoft Vista<\/strong>.<\/p>\n<p>Scjame il Coret\u00f4r Ortografic Furlan secont lis t\u00f4s preferencis:<\/p>\n<\/div><\/section>\n\n<style type=\"text\/css\" data-created_by=\"avia_inline_auto\" id=\"style-css-av-ek13c-13e9c6d1746ffc8bc6b88f5e60c7075d\">\n.flex_column.av-ek13c-13e9c6d1746ffc8bc6b88f5e60c7075d{\nborder-radius:0px 0px 0px 0px;\n-webkit-border-radius:0px 0px 0px 0px;\n-moz-border-radius:0px 0px 0px 0px;\n}\n<\/style>\n<div class='flex_column av-ek13c-13e9c6d1746ffc8bc6b88f5e60c7075d av_one_half  avia-builder-el-1  el_after_av_textblock  el_before_av_one_half  first flex_column_div av-zero-column-padding column-top-margin'   ><p>\n<style type=\"text\/css\" data-created_by=\"avia_inline_auto\" id=\"style-css-av-k4h9w8u5-ba5b6fc3b5596b3843b547add7f5f5c3\">\n#top .av-special-heading.av-k4h9w8u5-ba5b6fc3b5596b3843b547add7f5f5c3{\npadding-bottom:10px;\n}\nbody .av-special-heading.av-k4h9w8u5-ba5b6fc3b5596b3843b547add7f5f5c3 .av-special-heading-tag .heading-char{\nfont-size:25px;\n}\n.av-special-heading.av-k4h9w8u5-ba5b6fc3b5596b3843b547add7f5f5c3 .av-subheading{\nfont-size:15px;\n}\n<\/style>\n<div  class='av-special-heading av-k4h9w8u5-ba5b6fc3b5596b3843b547add7f5f5c3 av-special-heading-h3  avia-builder-el-2  el_before_av_textblock  avia-builder-el-first '><h3 class='av-special-heading-tag'  itemprop=\"headline\"  >Microsoft Word 2003<\/h3><div class=\"special-heading-border\"><div class=\"special-heading-inner-border\"><\/div><\/div><\/div><br \/>\n<section  class='av_textblock_section av-k4h9y00u-79f40852ff0d47ef0627a02d77fed964'  itemscope=\"itemscope\" itemtype=\"https:\/\/schema.org\/CreativeWork\" ><div class='avia_textblock'  itemprop=\"text\" ><dl>\n<dt>Estension di Microsoft Word 2003<\/dt>\n<dd><em>Tire j\u00f9 il COF, fasilu part\u00ee e segu\u00ecs lis istruzions.<\/em><\/p>\n<p>Il <b>COF v. 2.0 &#8211; Word 2003 Addin<\/b> al permet di dopr\u00e2 il Coret\u00f4r Ortografic Furlan de SSTeF drenti di Microsoft Word 2003. Une volte instal\u00e2t a si cjatar\u00e0 drenti dal menu <em>Strumenti<\/em> le gnove v\u00f4s <em>COF<\/em>. Il menu COF al \u00e0 cuatri opzions:<\/p>\n<ul>\n<li><b><em>Corezion<\/em><\/b>: par pod\u00ea dopr\u00e2 il COF v. 2.0 selezion\u00e2 le v\u00f4s <em>Corezion<\/em>. Le corezion e scomence a gjestre dal pont la che al \u00e8 il curs\u00f4r.<\/li>\n<li><b><em>Dizionari<\/em><\/b>: al permet di viodi il dizionari person\u00e2l e gjav\u00e2 lis v\u00f4s selezionadis.<\/li>\n<li><b><em>Opzions<\/em><\/b>: al permet di impuest\u00e2 lis opzions princip\u00e2ls dal coret\u00f4r.<\/li>\n<li><b><em>Informazions<\/em><\/b>: al mostre cualchi informazion sul COF v. 2.0.<\/li>\n<\/ul>\n<\/dd>\n<\/dl>\n<\/div><\/section><br \/>\n<div  class='avia-button-wrap avia-button-center  avia-builder-el-4  el_after_av_textblock  avia-builder-el-last ' ><a href='\/wp-content\/uploads\/files\/COFWord2003.exe'  class='avia-button av-k4ha07oz-828f90ca3e5d152e167e64e97b991835 avia-icon_select-yes-left-icon avia-size-small avia-position-center avia-color-theme-color' ><span class='avia_button_icon avia_button_icon_left' aria-hidden='true' data-av_icon='\ue82d' data-av_iconfont='entypo-fontello'><\/span><span class='avia_iconbox_title' >Scjame<\/span><\/a><\/div><\/p><\/div>\n\n<style type=\"text\/css\" data-created_by=\"avia_inline_auto\" id=\"style-css-av-a2umg-7e70042e7a2effc24f071bf6ee9958c9\">\n.flex_column.av-a2umg-7e70042e7a2effc24f071bf6ee9958c9{\nborder-radius:0px 0px 0px 0px;\n-webkit-border-radius:0px 0px 0px 0px;\n-moz-border-radius:0px 0px 0px 0px;\n}\n<\/style>\n<div class='flex_column av-a2umg-7e70042e7a2effc24f071bf6ee9958c9 av_one_half  avia-builder-el-5  el_after_av_one_half  avia-builder-el-last  flex_column_div av-zero-column-padding column-top-margin'   ><p>\n<style type=\"text\/css\" data-created_by=\"avia_inline_auto\" id=\"style-css-av-k4h9wfax-5eaeedfbbb93957fed351205bcfe83f9\">\n#top .av-special-heading.av-k4h9wfax-5eaeedfbbb93957fed351205bcfe83f9{\npadding-bottom:10px;\n}\nbody .av-special-heading.av-k4h9wfax-5eaeedfbbb93957fed351205bcfe83f9 .av-special-heading-tag .heading-char{\nfont-size:25px;\n}\n.av-special-heading.av-k4h9wfax-5eaeedfbbb93957fed351205bcfe83f9 .av-subheading{\nfont-size:15px;\n}\n<\/style>\n<div  class='av-special-heading av-k4h9wfax-5eaeedfbbb93957fed351205bcfe83f9 av-special-heading-h3  avia-builder-el-6  el_before_av_textblock  avia-builder-el-first '><h3 class='av-special-heading-tag'  itemprop=\"headline\"  >Microsoft Word 2007<\/h3><div class=\"special-heading-border\"><div class=\"special-heading-inner-border\"><\/div><\/div><\/div><br \/>\n<section  class='av_textblock_section av-k4h9yg65-e337c7695835524905d157331785b6c1'  itemscope=\"itemscope\" itemtype=\"https:\/\/schema.org\/CreativeWork\" ><div class='avia_textblock'  itemprop=\"text\" ><dl>\n<dt>Estension di Microsoft Word 2007<\/dt>\n<dd><em>Tire j\u00f9 il COF, fasilu part\u00ee e segu\u00ecs lis istruzions.<\/em><\/p>\n<p>Il <b>COF v. 2.0 &#8211; Word 2007 Addin<\/b> al permet di dopr\u00e2 il Coret\u00f4r Ortografic Furlan de SSTeF drenti di Microsoft Word 2007. Une volte instal\u00e2t a si cjatar\u00e0 drenti dal nastri <em>Revisioni<\/em> une gnove sezion <em>COF 2.0<\/em> cun cuatri opzions:<\/p>\n<ul>\n<li><b><em>Corezion<\/em><\/b>: par pod\u00ea dopr\u00e2 il COF v. 2.0 selezion\u00e2 le v\u00f4s <em>Corezion<\/em>. Le corezion e scomence a gjestre dal pont la che al \u00e8 il curs\u00f4r.<\/li>\n<li><b><em>Dizionari<\/em><\/b>: al permet di viodi il dizionari person\u00e2l e gjav\u00e2 lis v\u00f4s selezionadis.<\/li>\n<li><b><em>Opzions<\/em><\/b>: al permet di impuest\u00e2 lis opzions princip\u00e2ls dal coret\u00f4r.<\/li>\n<li><b><em>Informazions<\/em><\/b>: al mostre cualchi informazion sul COF v. 2.0.<\/li>\n<\/ul>\n<\/dd>\n<\/dl>\n<\/div><\/section><br \/>\n<div  class='avia-button-wrap avia-button-center  avia-builder-el-8  el_after_av_textblock  avia-builder-el-last ' ><a href='\/wp-content\/uploads\/files\/COFWord2007.exe'  class='avia-button av-k4ha07oz-56788b98659d4819fc1b9d2adcd27ad5 avia-icon_select-yes-left-icon avia-size-small avia-position-center avia-color-theme-color' ><span class='avia_button_icon avia_button_icon_left' aria-hidden='true' data-av_icon='\ue82d' data-av_iconfont='entypo-fontello'><\/span><span class='avia_iconbox_title' >Scjame<\/span><\/a><\/div><\/p><\/div>\n","protected":false},"excerpt":{"rendered":"","protected":false},"author":2,"featured_media":0,"parent":1999,"menu_order":0,"comment_status":"closed","ping_status":"closed","template":"","meta":{"spay_email":""},"_links":{"self":[{"href":"https:\/\/www.siencis-par-furlan.net\/en\/wp-json\/wp\/v2\/pages\/1620"}],"collection":[{"href":"https:\/\/www.siencis-par-furlan.net\/en\/wp-json\/wp\/v2\/pages"}],"about":[{"href":"https:\/\/www.siencis-par-furlan.net\/en\/wp-json\/wp\/v2\/types\/page"}],"author":[{"embeddable":true,"href":"https:\/\/www.siencis-par-furlan.net\/en\/wp-json\/wp\/v2\/users\/2"}],"replies":[{"embeddable":true,"href":"https:\/\/www.siencis-par-furlan.net\/en\/wp-json\/wp\/v2\/comments?post=1620"}],"version-history":[{"count":4,"href":"https:\/\/www.siencis-par-furlan.net\/en\/wp-json\/wp\/v2\/pages\/1620\/revisions"}],"predecessor-version":[{"id":2000,"href":"https:\/\/www.siencis-par-furlan.net\/en\/wp-json\/wp\/v2\/pages\/1620\/revisions\/2000"}],"up":[{"embeddable":true,"href":"https:\/\/www.siencis-par-furlan.net\/en\/wp-json\/wp\/v2\/pages\/1999"}],"wp:attachment":[{"href":"https:\/\/www.siencis-par-furlan.net\/en\/wp-json\/wp\/v2\/media?parent=1620"}],"curies":[{"name":"wp","href":"https:\/\/api.w.org\/{rel}","templated":true}]}}