{"id":1610,"date":"2020-12-28T21:39:07","date_gmt":"2020-12-28T20:39:07","guid":{"rendered":"https:\/\/www.siencis-par-furlan.net\/sience-furlane\/"},"modified":"2021-02-01T19:45:37","modified_gmt":"2021-02-01T18:45:37","slug":"friulian-science","status":"publish","type":"page","link":"https:\/\/www.siencis-par-furlan.net\/en\/scientific-dissemination\/friulian-science","title":{"rendered":"Friulian science"},"content":{"rendered":"\n<style type=\"text\/css\" data-created_by=\"avia_inline_auto\" id=\"style-css-av-kig5msak-fe491c0c4d8fe9214d8293d15c5d4465\">\n#top .av-special-heading.av-kig5msak-fe491c0c4d8fe9214d8293d15c5d4465{\npadding-bottom:10px;\n}\nbody .av-special-heading.av-kig5msak-fe491c0c4d8fe9214d8293d15c5d4465 .av-special-heading-tag .heading-char{\nfont-size:25px;\n}\n.av-special-heading.av-kig5msak-fe491c0c4d8fe9214d8293d15c5d4465 .av-subheading{\nfont-size:15px;\n}\n<\/style>\n<div  class='av-special-heading av-kig5msak-fe491c0c4d8fe9214d8293d15c5d4465 av-special-heading-h3  avia-builder-el-0  el_before_av_two_fifth  avia-builder-el-first '><h3 class='av-special-heading-tag'  itemprop=\"headline\"  >Sience Furlane<\/h3><div class=\"special-heading-border\"><div class=\"special-heading-inner-border\"><\/div><\/div><\/div>\n\n<style type=\"text\/css\" data-created_by=\"avia_inline_auto\" id=\"style-css-av-3l4ir5-f31f08fae453a08f4180418017568199\">\n.flex_column.av-3l4ir5-f31f08fae453a08f4180418017568199{\nborder-radius:0px 0px 0px 0px;\n-webkit-border-radius:0px 0px 0px 0px;\n-moz-border-radius:0px 0px 0px 0px;\n}\n<\/style>\n<div class='flex_column av-3l4ir5-f31f08fae453a08f4180418017568199 av_two_fifth  avia-builder-el-1  el_after_av_heading  el_before_av_three_fifth  first flex_column_div av-zero-column-padding '   ><section  class='av_textblock_section av-kig3hd4j-799d57644c095a4aa9fdbcb023cfbcda'  itemscope=\"itemscope\" itemtype=\"https:\/\/schema.org\/CreativeWork\" ><div class='avia_textblock'  itemprop=\"text\" ><p><em>Sience Furlane<\/em> e je une produzion audiovisive di divulgazion sientifiche in lenghe furlane, realizade par cure de SSTeF pe television e trasmetude de RAI Fri\u00fbl Vignesie Julie tal 2008.<\/p>\n<p>La serie e je componude di 4 trasmissions di 15&#8242; min\u00fbts.<\/p>\n<p>In ogni pontade, cu la forme di une interviste, condusude dal gjornalist Giorgio Cantoni, intervalade di film\u00e2ts di spiegazion, al ven present\u00e2t in forme divulgative un argoment sientific. Une rubriche fin\u00e2l e presente une schirie di tescj o di s\u00eets internet che a puedin jud\u00e2 a infond\u00ee l&#8217;argoment.<\/p>\n<p>Lis pontadis a son dedicadis a:<\/p>\n<p><em>La Basiliche di Aquilee in 3 D<\/em> (interviste al Prof. Domenico Visentini de Universit\u00e2t dal Fri\u00fbl)<\/p>\n<p><em>Metereologjie furlane e i events violents<\/em> (interviste al Dot. Dario Giaiotti e al Dot. Fulvio Stel de ARPA dal FVJ<\/p>\n<p> <em> Il cjasten\u00e2r tal Fri\u00fbl<\/em> (interviste al Prof. Romani Locci de Universit\u00e2t dal Fri\u00fbl)<\/p>\n<p><em>La storie dal vin furlan<\/em> (interviste al Prof. Enrico Peterlunger de Universit\u00e2t dal Fri\u00fbl)<\/p>\n<p>Su cheste pagjine tu puedis viodi une cerce de interviste cun Dario Giaiotti pe pontade su la meteorologjie.<\/p>\n<\/div><\/section><\/div>\n\n<style type=\"text\/css\" data-created_by=\"avia_inline_auto\" id=\"style-css-av-2z3hdd-517ed19b515a75c8c44f8e8d7b3e7b0c\">\n.flex_column.av-2z3hdd-517ed19b515a75c8c44f8e8d7b3e7b0c{\nborder-radius:0px 0px 0px 0px;\n-webkit-border-radius:0px 0px 0px 0px;\n-moz-border-radius:0px 0px 0px 0px;\n}\n<\/style>\n<div class='flex_column av-2z3hdd-517ed19b515a75c8c44f8e8d7b3e7b0c av_three_fifth  avia-builder-el-3  el_after_av_two_fifth  avia-builder-el-last  flex_column_div av-zero-column-padding '   ><\/div>\n","protected":false},"excerpt":{"rendered":"","protected":false},"author":3,"featured_media":0,"parent":1954,"menu_order":2,"comment_status":"closed","ping_status":"closed","template":"","meta":{"spay_email":""},"_links":{"self":[{"href":"https:\/\/www.siencis-par-furlan.net\/en\/wp-json\/wp\/v2\/pages\/1610"}],"collection":[{"href":"https:\/\/www.siencis-par-furlan.net\/en\/wp-json\/wp\/v2\/pages"}],"about":[{"href":"https:\/\/www.siencis-par-furlan.net\/en\/wp-json\/wp\/v2\/types\/page"}],"author":[{"embeddable":true,"href":"https:\/\/www.siencis-par-furlan.net\/en\/wp-json\/wp\/v2\/users\/3"}],"replies":[{"embeddable":true,"href":"https:\/\/www.siencis-par-furlan.net\/en\/wp-json\/wp\/v2\/comments?post=1610"}],"version-history":[{"count":5,"href":"https:\/\/www.siencis-par-furlan.net\/en\/wp-json\/wp\/v2\/pages\/1610\/revisions"}],"predecessor-version":[{"id":1998,"href":"https:\/\/www.siencis-par-furlan.net\/en\/wp-json\/wp\/v2\/pages\/1610\/revisions\/1998"}],"up":[{"embeddable":true,"href":"https:\/\/www.siencis-par-furlan.net\/en\/wp-json\/wp\/v2\/pages\/1954"}],"wp:attachment":[{"href":"https:\/\/www.siencis-par-furlan.net\/en\/wp-json\/wp\/v2\/media?parent=1610"}],"curies":[{"name":"wp","href":"https:\/\/api.w.org\/{rel}","templated":true}]}}