{"id":1600,"date":"2020-12-28T21:38:23","date_gmt":"2020-12-28T20:38:23","guid":{"rendered":"https:\/\/www.siencis-par-furlan.net\/sclesis-di-sience-e-tecnologjie\/"},"modified":"2021-02-01T19:42:44","modified_gmt":"2021-02-01T18:42:44","slug":"splinters-of-science-and-technology","status":"publish","type":"page","link":"https:\/\/www.siencis-par-furlan.net\/en\/scientific-dissemination\/splinters-of-science-and-technology","title":{"rendered":"Splinters of science and technology"},"content":{"rendered":"\n<style type=\"text\/css\" data-created_by=\"avia_inline_auto\" id=\"style-css-av-kig6dn1e-af9f787a999ce7ddff5756e3b0f32b35\">\n#top .av-special-heading.av-kig6dn1e-af9f787a999ce7ddff5756e3b0f32b35{\npadding-bottom:10px;\n}\nbody .av-special-heading.av-kig6dn1e-af9f787a999ce7ddff5756e3b0f32b35 .av-special-heading-tag .heading-char{\nfont-size:25px;\n}\n.av-special-heading.av-kig6dn1e-af9f787a999ce7ddff5756e3b0f32b35 .av-subheading{\nfont-size:15px;\n}\n<\/style>\n<div  class='av-special-heading av-kig6dn1e-af9f787a999ce7ddff5756e3b0f32b35 av-special-heading-h3  avia-builder-el-0  el_before_av_one_full  avia-builder-el-first '><h3 class='av-special-heading-tag'  itemprop=\"headline\"  >Sclesis di sience e tecnologjie<\/h3><div class=\"special-heading-border\"><div class=\"special-heading-inner-border\"><\/div><\/div><\/div>\n\n<style type=\"text\/css\" data-created_by=\"avia_inline_auto\" id=\"style-css-av-av_one_full-79ff81c021393065cee878051452f6a6\">\n.flex_column.av-av_one_full-79ff81c021393065cee878051452f6a6{\nborder-radius:0px 0px 0px 0px;\n-webkit-border-radius:0px 0px 0px 0px;\n-moz-border-radius:0px 0px 0px 0px;\n}\n<\/style>\n<div class='flex_column av-av_one_full-79ff81c021393065cee878051452f6a6 av_one_full  avia-builder-el-1  el_after_av_heading  el_before_av_button  first flex_column_div av-zero-column-padding '   ><section  class='av_textblock_section av-kig61qm1-6983bbce9bff1a553b5591d7587715f0'  itemscope=\"itemscope\" itemtype=\"https:\/\/schema.org\/CreativeWork\" ><div class='avia_textblock'  itemprop=\"text\" ><p><em>&#8220;Sclesis, cinc min\u00fbts di sience e tecnologjie&#8221;<\/em> e je une trasmission radiofoniche realizade di Marco Tempo, in colaborazion cu la Societ\u00e2t Sientifiche e Tecnologjiche Furlane, pe RAI regjon\u00e2l dal Fri\u00fbl Vignesie Julie.<\/p>\n<p>&#8220;<em>Sience e tecnologjie in sclesis radiofonichis par svicin\u00e2si a lis le\u00e7s che a guviernin il nestri mont e a lis creazions da l&#8217;inzen che a smicjin a f\u00e2 cressi il progr\u00e8s de umanit\u00e2t. Si fevele di machinis e di stelis, di bateriis e puints<\/em>&#8221; (dal s\u00eet de RAI regjon\u00e2l dal Fri\u00fbl Vignesie Julie)<\/p>\n<p>Se tu \u00e2s pierd\u00fbt cualchi pontade, tu puedis torn\u00e2lis a scolt\u00e2 e ancje discjam\u00e2lis dal s\u00eet de RAI Fri\u00fbl Vignesie Julie.<\/p>\n<p>Par scolt\u00e2 e discjam\u00e2 lis pontadis ladis in onde fin cum\u00f2 diretementri dal s\u00eet de RAI, frache chi sot.<\/p>\n<\/div><\/section><\/div><div  class='avia-button-wrap avia-button-center  avia-builder-el-3  el_after_av_one_full  avia-builder-el-last ' >\n<style type=\"text\/css\" data-created_by=\"avia_inline_auto\" id=\"style-css-av-kig65rrx-0e7153c128dc7eeed30109599135893f\">\n#top #wrap_all .avia-button.av-kig65rrx-0e7153c128dc7eeed30109599135893f{\nbackground-color:#f7f7f7;\nborder-color:#f7f7f7;\ntransition:all 0.4s ease-in-out;\n-webkit-transition:all 0.4s ease-in-out;\n-moz-transition:all 0.4s ease-in-out;\n-ms-transition:all 0.4s ease-in-out;\n-o-transition:all 0.4s ease-in-out;\n}\n#top #wrap_all .avia-button.av-kig65rrx-0e7153c128dc7eeed30109599135893f:hover{\nbackground-color:#f2f2f2;\ncolor:#ffffff;\ntransition:all 0.4s ease-in-out;\n-webkit-transition:all 0.4s ease-in-out;\n-moz-transition:all 0.4s ease-in-out;\n-ms-transition:all 0.4s ease-in-out;\n-o-transition:all 0.4s ease-in-out;\n}\n<\/style>\n<a href='http:\/\/www.rai.it\/dl\/portali\/site\/articolo\/ContentItem-9dafd885-6eec-435a-848a-03b833764d54.html' class='avia-button av-kig65rrx-0e7153c128dc7eeed30109599135893f avia-icon_select-yes-left-icon avia-size-small avia-position-center avia-font-color-theme-color-subtle' target=\"_blank\" rel=\"noopener noreferrer\"><span class='avia_button_icon avia_button_icon_left' aria-hidden='true' data-av_icon='\ue879' data-av_iconfont='entypo-fontello'><\/span><span class='avia_iconbox_title' >Scolte lis pontadis di Sclesis<\/span><\/a><\/div><\/p>\n","protected":false},"excerpt":{"rendered":"","protected":false},"author":3,"featured_media":0,"parent":1954,"menu_order":0,"comment_status":"closed","ping_status":"closed","template":"","meta":{"spay_email":""},"_links":{"self":[{"href":"https:\/\/www.siencis-par-furlan.net\/en\/wp-json\/wp\/v2\/pages\/1600"}],"collection":[{"href":"https:\/\/www.siencis-par-furlan.net\/en\/wp-json\/wp\/v2\/pages"}],"about":[{"href":"https:\/\/www.siencis-par-furlan.net\/en\/wp-json\/wp\/v2\/types\/page"}],"author":[{"embeddable":true,"href":"https:\/\/www.siencis-par-furlan.net\/en\/wp-json\/wp\/v2\/users\/3"}],"replies":[{"embeddable":true,"href":"https:\/\/www.siencis-par-furlan.net\/en\/wp-json\/wp\/v2\/comments?post=1600"}],"version-history":[{"count":10,"href":"https:\/\/www.siencis-par-furlan.net\/en\/wp-json\/wp\/v2\/pages\/1600\/revisions"}],"predecessor-version":[{"id":1997,"href":"https:\/\/www.siencis-par-furlan.net\/en\/wp-json\/wp\/v2\/pages\/1600\/revisions\/1997"}],"up":[{"embeddable":true,"href":"https:\/\/www.siencis-par-furlan.net\/en\/wp-json\/wp\/v2\/pages\/1954"}],"wp:attachment":[{"href":"https:\/\/www.siencis-par-furlan.net\/en\/wp-json\/wp\/v2\/media?parent=1600"}],"curies":[{"name":"wp","href":"https:\/\/api.w.org\/{rel}","templated":true}]}}